{"id":975,"date":"2016-10-07T13:21:46","date_gmt":"2016-10-07T13:21:46","guid":{"rendered":"http:\/\/dentalia.orionthemes.com\/demo-1\/?page_id=975"},"modified":"2026-01-14T12:06:21","modified_gmt":"2026-01-14T11:06:21","slug":"jak-se-objednat","status":"publish","type":"page","link":"https:\/\/bartekdent.cz\/en\/jak-se-objednat\/","title":{"rendered":"How to make an appointment"},"content":{"rendered":"<div id=\"pl-975\"  class=\"panel-layout\" ><div id=\"pg-975-0\"  class=\"panel-grid panel-has-style\" ><div class=\"so-parallax siteorigin-panels-stretch orion-separator bottom-svg-6 bottom-svg-inside divider-no-animation tablet-default mobile-1-in-row desktop-default overlay-fade-light custom panel-row-style panel-row-style-for-975-0\" data-stretch-type=\"full-width-stretch\" ><img fetchpriority=\"high\" decoding=\"async\" width=\"1920\" height=\"1280\" src=\"https:\/\/bartekdent.cz\/wp-content\/uploads\/2020\/09\/dentalia-demo-bg-1.jpg\" class=\"attachment-full size-full\" alt=\"\" data-siteorigin-parallax=\"true\" loading=\"eager\" srcset=\"https:\/\/bartekdent.cz\/wp-content\/uploads\/2020\/09\/dentalia-demo-bg-1.jpg 1920w, https:\/\/bartekdent.cz\/wp-content\/uploads\/2020\/09\/dentalia-demo-bg-1-300x200.jpg 300w, https:\/\/bartekdent.cz\/wp-content\/uploads\/2020\/09\/dentalia-demo-bg-1-1024x683.jpg 1024w, https:\/\/bartekdent.cz\/wp-content\/uploads\/2020\/09\/dentalia-demo-bg-1-768x512.jpg 768w, https:\/\/bartekdent.cz\/wp-content\/uploads\/2020\/09\/dentalia-demo-bg-1-1536x1024.jpg 1536w, https:\/\/bartekdent.cz\/wp-content\/uploads\/2020\/09\/dentalia-demo-bg-1-750x500.jpg 750w, https:\/\/bartekdent.cz\/wp-content\/uploads\/2020\/09\/dentalia-demo-bg-1-272x182.jpg 272w\" sizes=\"(max-width: 1920px) 100vw, 1920px\" \/><div id=\"pgc-975-0-0\"  class=\"panel-grid-cell\" ><div id=\"panel-975-0-0-0\" class=\"so-panel widget widget_orion_empty_space_w panel-first-child panel-last-child\" data-index=\"0\" ><div class=\"orion custom default panel-widget-style panel-widget-style-for-975-0-0-0\" ><div\n\t\t\t\n\t\t\tclass=\"so-widget-orion_empty_space_w so-widget-orion_empty_space_w-base\"\n\t\t\t\n\t\t>\t<div class=\"row empty-space visible-lg visible-md visible-sm visible-xs\" style=\"height:240px;\">\r\n\t<\/div><\/div><\/div><\/div><\/div><\/div><\/div><div id=\"pg-975-1\"  class=\"panel-grid panel-has-style\" ><div class=\"orion-separator bottom-svg-4 bottom-svg-inside divider-no-animation tablet-1-in-row mobile-1-in-row desktop-default custom panel-row-style panel-row-style-for-975-1\" ><div id=\"pgc-975-1-0\"  class=\"panel-grid-cell\" ><div id=\"panel-975-1-0-0\" class=\"so-panel widget widget_orion_heading_w panel-first-child panel-last-child\" data-index=\"1\" ><div class=\"orion custom mobile-text-center tablets-text-center default panel-widget-style panel-widget-style-for-975-1-0-0\" ><div\n\t\t\t\n\t\t\tclass=\"so-widget-orion_heading_w so-widget-orion_heading_w-base\"\n\t\t\t\n\t\t> \r\n\t\t\t<div class=\"row orion-heading\" style=\"margin-bottom:0px;\">\r\n\t\t<div class=\"col-md-12  separator-style-1 text-left style-h4 style-primary-color\">\r\n\t\t\t<h4 class=\"primary-color text-uppercase\">\r\n\t\t\t\tHow to make an appointment\t\t\t<\/h4>\r\n\t\t<\/div>\r\n\t<\/div>\r\n\r\n\t<\/div><\/div><\/div><\/div><\/div><\/div><div id=\"pg-975-2\"  class=\"panel-grid panel-has-style\" ><div class=\"orion-separator bottom-svg-4 bottom-svg-inside divider-no-animation tablet-1-in-row mobile-1-in-row desktop-default custom panel-row-style panel-row-style-for-975-2\" ><div id=\"pgc-975-2-0\"  class=\"panel-grid-cell\" ><div id=\"panel-975-2-0-0\" class=\"so-panel widget widget_orion_icon_text_w panel-first-child\" data-index=\"2\" ><div class=\"orion custom default panel-widget-style panel-widget-style-for-975-2-0-0\" ><div\n\t\t\t\n\t\t\tclass=\"so-widget-orion_icon_text_w so-widget-orion_icon_text_w-base\"\n\t\t\t\n\t\t>\r\n<div class=\"row icon-box-items-wrap grid short\">\r\n \r\n\t\r\n\t\t\r\n\t\t\r\n\t\t\t\t\r\n\t\t\r\n\t\t<div class=\"icon-box-wrap clearfix col-lg-12 col-sm-12\" style=\"margin-bottom:36px;\">\t\t\r\n\r\n\t\t\t<h4 class=\"item-title h6\">Do you have an acute problem (such as tooth ache, mouth swelling, bleeding etc.)?<\/h4>\t\t\t\t\t\t\t<div class=\"icon-wrap absolute square\">\r\n\t\t\t\t\t<span class=\"sow-icon-dentalicons2\" data-sow-icon=\"&#xe926;\"\n\t\tstyle=\"color: #fff; background-color: #00bcd4\" \n\t\taria-hidden=\"true\"><\/span>\t\t\t\t\t\t\t\t\t<\/div>\r\n\t\t\t\r\n\t\t\t\t\t\t\r\n\r\n\t\t\t\t\t\t<span class=\"description\">Give us a call! Phone number: +420737976488 \n<br \/> NEW chat on whatsapp even when we are not personally at the office \n<a aria-label=\"Chat on WhatsApp\" href=\"https:\/\/wa.me\/message\/TWXZER7GRVLIG1\"> <img decoding=\"async\" alt=\"Chat on WhatsApp\" src=\"https:\/\/bartekdent.cz\/wp-content\/uploads\/2024\/06\/WhatsAppButtonGreenSmall.svg\" \/> <\/a>\n<br \/>Every day we have reserved slots for acute patients. \n<br \/>V p\u0159\u00edpad\u011b na\u0161\u00ed nep\u0159\u00edtomnosti mohou pacienti nav\u0161t\u00edvit zubn\u00ed pohotovost ve FN U svat\u00e9 Anny, stomatologick\u00e1 klinika, budova S a to ve v\u0161edn\u00ed dny od 16 - 21h, voln\u00e9 dny od 8 - 18h, kde V\u00e1m pomohou od akutn\u00ed bolesti a n\u00e1sledn\u011b pak probl\u00e9m do\u0159e\u0161\u00edme u n\u00e1s.<\/span>\r\n\t\t\t\r\n\t\t<\/div>\r\n\t\r\n<\/div><\/div><\/div><\/div><div id=\"panel-975-2-0-1\" class=\"so-panel widget widget_orion_empty_space_w\" data-index=\"3\" ><div class=\"orion custom default panel-widget-style panel-widget-style-for-975-2-0-1\" ><div\n\t\t\t\n\t\t\tclass=\"so-widget-orion_empty_space_w so-widget-orion_empty_space_w-base\"\n\t\t\t\n\t\t>\t<div class=\"row empty-space visible-sm visible-xs\" style=\"height:24px;\">\r\n\t<\/div><\/div><\/div><\/div><div id=\"panel-975-2-0-2\" class=\"so-panel widget widget_orion_icon_text_w panel-last-child\" data-index=\"4\" ><div class=\"orion custom default panel-widget-style panel-widget-style-for-975-2-0-2\" ><div\n\t\t\t\n\t\t\tclass=\"so-widget-orion_icon_text_w so-widget-orion_icon_text_w-base\"\n\t\t\t\n\t\t>\r\n<div class=\"row icon-box-items-wrap grid short\">\r\n \r\n\t\r\n\t\t\r\n\t\t\r\n\t\t\t\t\r\n\t\t\r\n\t\t<div class=\"icon-box-wrap clearfix col-lg-12 col-sm-12\" style=\"margin-bottom:36px;\">\t\t\r\n\r\n\t\t\t<h4 class=\"item-title h6\">Do you wish to plan an appointment for a preventive dental check up or a dental hygiene?<\/h4>\t\t\t\t\t\t\t<div class=\"icon-wrap absolute square\">\r\n\t\t\t\t\t<span class=\"sow-icon-dentalicons2\" data-sow-icon=\"&#xe910;\"\n\t\tstyle=\"color: #fff; background-color: #00bcd4\" \n\t\taria-hidden=\"true\"><\/span>\t\t\t\t\t\t\t\t\t<\/div>\r\n\t\t\t\r\n\t\t\t\t\t\t\r\n\r\n\t\t\t\t\t\t<span class=\"description\">You can book this in our online system.<\/span>\r\n\t\t\t\r\n\t\t<\/div>\r\n\t\r\n<\/div><\/div><\/div><\/div><\/div><\/div><\/div><div id=\"pg-975-3\"  class=\"panel-grid panel-has-style\" ><div class=\"siteorigin-panels-stretch orion-separator top-svg-4 top-svg-inside bottom-svg-4 bottom-svg-inside divider-no-animation tablet-2-in-row mobile-1-in-row desktop-default custom panel-row-style panel-row-style-for-975-3\" data-stretch-type=\"full\" ><div id=\"pgc-975-3-0\"  class=\"panel-grid-cell\" ><div id=\"panel-975-3-0-0\" class=\"so-panel widget widget_orion_heading_w panel-first-child\" data-index=\"5\" ><div class=\"orion custom mobile-text-center tablets-text-center default panel-widget-style panel-widget-style-for-975-3-0-0\" ><div\n\t\t\t\n\t\t\tclass=\"so-widget-orion_heading_w so-widget-orion_heading_w-base\"\n\t\t\t\n\t\t> \r\n\t\t\t<div class=\"row orion-heading\" style=\"margin-bottom:0px;\">\r\n\t\t<div class=\"col-md-12  separator-style-1 text-left style-h4 style-primary-color\">\r\n\t\t\t<h4 class=\"primary-color text-uppercase\">\r\n\t\t\t\tOnline booking\t\t\t<\/h4>\r\n\t\t<\/div>\r\n\t<\/div>\r\n\r\n\t<\/div><\/div><\/div><div id=\"panel-975-3-0-1\" class=\"so-panel widget widget_sow-editor panel-last-child\" data-index=\"6\" ><div class=\"orion custom mobile-text-center tablets-text-center default panel-widget-style panel-widget-style-for-975-3-0-1\" ><div\n\t\t\t\n\t\t\tclass=\"so-widget-sow-editor so-widget-sow-editor-base\"\n\t\t\t\n\t\t>\n<div class=\"siteorigin-widget-tinymce textwidget\">\n\t<p>Online booking is for preventive dental check-ups and dental hygiene. System offers only available spots. Choose a time and date that suits you. You will then receive an email with your reservation information. After a double-check from our reception you will receive a confirmation email.  <script type=\"text\/javascript\" src=\"https:\/\/www.xdent.cz\/js\/booking.js\"><\/script><script type=\"\u201ctext\/javascript\"\">CreateBookNowButton('bartekdent','Large');<\/script><\/p>\n<\/div>\n<\/div><\/div><\/div><\/div><div id=\"pgc-975-3-1\"  class=\"panel-grid-cell\" ><div id=\"panel-975-3-1-0\" class=\"so-panel widget widget_orion_empty_space_w panel-first-child\" data-index=\"7\" ><div class=\"orion custom default panel-widget-style panel-widget-style-for-975-3-1-0\" ><div\n\t\t\t\n\t\t\tclass=\"so-widget-orion_empty_space_w so-widget-orion_empty_space_w-base\"\n\t\t\t\n\t\t>\t<div class=\"row empty-space visible-lg visible-md visible-sm\" style=\"height:45px;\">\r\n\t<\/div><\/div><\/div><\/div><div id=\"panel-975-3-1-1\" class=\"so-panel widget widget_orion_static_block_w panel-last-child\" data-index=\"8\" ><div class=\"orion custom default panel-widget-style panel-widget-style-for-975-3-1-1\" ><div\n\t\t\t\n\t\t\tclass=\"so-widget-orion_static_block_w so-widget-orion_static_block_w-base\"\n\t\t\t\n\t\t>\r\n<div class=\"staticblock-wrap\"><div id=\"pl-2886\"  class=\"panel-layout\" ><div id=\"pg-2886-0\"  class=\"panel-grid panel-has-style\" ><div class=\"divider-no-animation panel-row-style panel-row-style-for-2886-0\" ><div id=\"pgc-2886-0-0\"  class=\"panel-grid-cell\" ><div id=\"panel-2886-0-0-0\" class=\"widget_text so-panel widget widget_custom_html panel-first-child panel-last-child\" data-index=\"0\" ><div class=\"widget_text orion custom default panel-widget-style panel-widget-style-for-2886-0-0-0\" ><div class=\"textwidget custom-html-widget\"><script type=\"text\/javascript\" src=\"https:\/\/www.xdent.cz\/js\/booking.js\"><\/script>\n<script type=\"text\/javascript\">CreateBookNowButton('bartekdent','Large');<\/script>\n<div id=\"xdentBookNowButton\" class=\"rounded\">\n<\/div><\/div><\/div><\/div><\/div><\/div><\/div><\/div><\/div><\/div><\/div><\/div><\/div><\/div><\/div><div id=\"pg-975-4\"  class=\"panel-grid panel-has-style\" ><div class=\"siteorigin-panels-stretch orion-separator top-svg-4 top-svg-inside divider-no-animation tablet-2-in-row mobile-1-in-row desktop-default custom panel-row-style panel-row-style-for-975-4\" data-stretch-type=\"full\" ><div id=\"pgc-975-4-0\"  class=\"panel-grid-cell\" ><div id=\"panel-975-4-0-0\" class=\"so-panel widget widget_orion_heading_w panel-first-child\" data-index=\"9\" ><div class=\"orion custom mobile-text-center tablets-text-center default panel-widget-style panel-widget-style-for-975-4-0-0\" ><div\n\t\t\t\n\t\t\tclass=\"so-widget-orion_heading_w so-widget-orion_heading_w-base\"\n\t\t\t\n\t\t> \r\n\t\t\t<div class=\"row orion-heading\" style=\"margin-bottom:0px;\">\r\n\t\t<div class=\"col-md-12  separator-style-1 text-left style-h4 style-primary-color\">\r\n\t\t\t<h4 class=\"primary-color text-uppercase\">\r\n\t\t\t\tDo you wish to cancel your appointment?\t\t\t<\/h4>\r\n\t\t<\/div>\r\n\t<\/div>\r\n\r\n\t<\/div><\/div><\/div><div id=\"panel-975-4-0-1\" class=\"so-panel widget widget_sow-editor panel-last-child\" data-index=\"10\" ><div class=\"orion custom mobile-text-center tablets-text-center default panel-widget-style panel-widget-style-for-975-4-0-1\" ><div\n\t\t\t\n\t\t\tclass=\"so-widget-sow-editor so-widget-sow-editor-base\"\n\t\t\t\n\t\t>\n<div class=\"siteorigin-widget-tinymce textwidget\">\n\t<p>We ask all patients to cancel their appointments at least 48 hours prior at recepce@bartekdent.cz or by sms at 737976488. Repeated absence without an apology or cancelling only hours before your appointment can lead to a termination of a mutual cooperation. In case you make a timely apology, we are happy to offer another time and date that can suit you better.<\/p>\n<\/div>\n<\/div><\/div><\/div><\/div><\/div><\/div><\/div>","protected":false},"excerpt":{"rendered":"<p>Jak se objednat M\u00e1te akutn\u00ed obt\u00ed\u017ee (nap\u0159. bolest zubu, otok, krv\u00e1cen\u00ed apod.)? Zavolejte n\u00e1m na tel \u010d\u00edslo 737 976 488. NOVINKA napi\u0161te n\u00e1m p\u0159es Whatsapp i mimo ordina\u010dn\u00ed hodiny. Ka\u017ed\u00fd den m\u00e1me vyhrazen\u00e9 hodiny pro akutn\u00ed pacienty. Na term\u00edn je nutn\u00e9 se dop\u0159edu objednat. V p\u0159\u00edpad\u011b na\u0161\u00ed nep\u0159\u00edtomnosti mohou pacienti nav\u0161t\u00edvit zubn\u00ed pohotovost ve FN<\/p>","protected":false},"author":1,"featured_media":0,"parent":0,"menu_order":0,"comment_status":"closed","ping_status":"closed","template":"","meta":{"footnotes":""},"class_list":["post-975","page","type-page","status-publish","hentry"],"_links":{"self":[{"href":"https:\/\/bartekdent.cz\/en\/wp-json\/wp\/v2\/pages\/975","targetHints":{"allow":["GET"]}}],"collection":[{"href":"https:\/\/bartekdent.cz\/en\/wp-json\/wp\/v2\/pages"}],"about":[{"href":"https:\/\/bartekdent.cz\/en\/wp-json\/wp\/v2\/types\/page"}],"author":[{"embeddable":true,"href":"https:\/\/bartekdent.cz\/en\/wp-json\/wp\/v2\/users\/1"}],"replies":[{"embeddable":true,"href":"https:\/\/bartekdent.cz\/en\/wp-json\/wp\/v2\/comments?post=975"}],"version-history":[{"count":72,"href":"https:\/\/bartekdent.cz\/en\/wp-json\/wp\/v2\/pages\/975\/revisions"}],"predecessor-version":[{"id":3367,"href":"https:\/\/bartekdent.cz\/en\/wp-json\/wp\/v2\/pages\/975\/revisions\/3367"}],"wp:attachment":[{"href":"https:\/\/bartekdent.cz\/en\/wp-json\/wp\/v2\/media?parent=975"}],"curies":[{"name":"wp","href":"https:\/\/api.w.org\/{rel}","templated":true}]}}