{"id":2165,"date":"2017-05-19T13:48:01","date_gmt":"2017-05-19T13:48:01","guid":{"rendered":"http:\/\/dentalia.orionthemes.com\/new-demos\/demo-1\/?page_id=2165"},"modified":"2025-11-12T10:15:33","modified_gmt":"2025-11-12T09:15:33","slug":"o-nas","status":"publish","type":"page","link":"https:\/\/bartekdent.cz\/en\/o-nas\/","title":{"rendered":"About us"},"content":{"rendered":"<div id=\"pl-2165\"  class=\"panel-layout\" ><div id=\"pg-2165-0\"  class=\"panel-grid panel-has-style\" ><div class=\"siteorigin-panels-stretch orion-separator bottom-svg-3 bottom-svg-inside divider-no-animation tablet-1-in-row mobile-1-in-row desktop-default overlay-c1-c2 custom panel-row-style panel-row-style-for-2165-0\" data-stretch-type=\"full\" ><div id=\"pgc-2165-0-0\"  class=\"panel-grid-cell\" ><div id=\"panel-2165-0-0-0\" class=\"so-panel widget widget_orion_heading_w panel-first-child\" data-index=\"0\" ><div class=\"orion custom mobile-text-center default panel-widget-style panel-widget-style-for-2165-0-0-0\" ><div\n\t\t\t\n\t\t\tclass=\"so-widget-orion_heading_w so-widget-orion_heading_w-base\"\n\t\t\t\n\t\t> \r\n\t\t\t<div class=\"row orion-heading\" style=\"margin-bottom:0px;\">\r\n\t\t<div class=\"col-md-12   text-left style-h1 style-text-light\">\r\n\t\t\t<h1 class=\"text-light\">\r\n\t\t\t\t<strong>Modern dental office<\/strong>\t\t\t<\/h1>\r\n\t\t<\/div>\r\n\t<\/div>\r\n\r\n\t<\/div><\/div><\/div><div id=\"panel-2165-0-0-1\" class=\"so-panel widget widget_sow-editor\" data-index=\"1\" ><div class=\"orion custom mobile-text-center text-light panel-widget-style panel-widget-style-for-2165-0-0-1\" ><div\n\t\t\t\n\t\t\tclass=\"so-widget-sow-editor so-widget-sow-editor-base\"\n\t\t\t\n\t\t>\n<div class=\"siteorigin-widget-tinymce textwidget\">\n\t<p>Our office went through a complete renovation in 2021.<\/p>\n<p>Nov\u011b je k dispozici OPG p\u0159\u00edstroj, pomoc\u00ed kter\u00e9ho je mo\u017en\u00e9 rentgenovat \u010delisti a kolem\u010delistn\u00ed prostory, p\u0159\u00edm\u00e1 viziografie (digitalizace RTG sn\u00edmk\u016f) a p\u0159\u00edstroj na strojov\u00e9 opracov\u00e1n\u00ed a pln\u011bn\u00ed ko\u0159enov\u00fdch kan\u00e1lk\u016f. P\u0159i ka\u017ed\u00e9m vrt\u00e1n\u00ed pou\u017e\u00edv\u00e1me detektor kazu, kter\u00fd n\u00e1m uk\u00e1\u017ee kter\u00e9 \u010d\u00e1sti zubu jsou infikovan\u00e9 a je tedy nutno je odstranit a kter\u00e9 jsou zdrav\u00e9 a je mo\u017eno je ponechat. Maxim\u00e1ln\u011b tak \u0161et\u0159\u00edme zubn\u00ed tk\u00e1n\u011b t\u00edm, \u017ee odstran\u00edme jen to, co je pot\u0159eba. <\/p>\n<p>Od roku 2024 je k dispozici intraor\u00e1ln\u00ed skener, kter\u00fd umo\u017e\u0148uje zhotovit protetick\u00e9 pr\u00e1ce bez nutnosti klasick\u00e9ho otiskov\u00e1n\u00ed. V\u011bt\u0161inu protetiky tak zhotovujeme pomoc\u00ed metody CAD\/CAM a to digit\u00e1ln\u011b s maxim\u00e1ln\u00ed p\u0159esnost\u00ed.<\/p>\n<p>Od roku 2025 je k dispozici nov\u00fd extern\u00ed p\u00edskovac\u00ed p\u0159\u00edstroj na dent\u00e1ln\u00ed hygienu, kter\u00fd umo\u017e\u0148uje nej\u0161etrn\u011bj\u0161\u00ed odstran\u011bn\u00ed zubn\u00edho plaku, kamene a pigment\u016f a pr\u00e1ci podle metody GBT. <\/p>\n<p>Nab\u00edz\u00edme mo\u017enost online objedn\u00e1v\u00e1n\u00ed a plateb kartou.<\/p>\n<p>N\u00e1hradu ztracen\u00fdch zub\u016f um\u00edme vy\u0159e\u0161it pomoc\u00ed implanta\u010dn\u00edch syst\u00e9m\u016f Lasak a Osstem<\/p>\n<p>We continuously attend courses and congresses and keep up with what is new in the field of dentistry. All staff has valid certifications and is highly educated.<\/p>\n<\/div>\n<\/div><\/div><\/div><div id=\"panel-2165-0-0-2\" class=\"so-panel widget widget_orion_empty_space_w\" data-index=\"2\" ><div class=\"orion custom default panel-widget-style panel-widget-style-for-2165-0-0-2\" ><div\n\t\t\t\n\t\t\tclass=\"so-widget-orion_empty_space_w so-widget-orion_empty_space_w-base\"\n\t\t\t\n\t\t>\t<div class=\"row empty-space visible-sm visible-xs\" style=\"height:24px;\">\r\n\t<\/div><\/div><\/div><\/div><div id=\"panel-2165-0-0-3\" class=\"so-panel widget widget_orion_simple_gallery panel-last-child\" data-index=\"3\" ><div class=\"orion custom default panel-widget-style panel-widget-style-for-2165-0-0-3\" ><div\n\t\t\t\n\t\t\tclass=\"so-widget-orion_simple_gallery so-widget-orion_simple_gallery-base\"\n\t\t\t\n\t\t><div class=\"row orion-simple-gallery grid\">\r\n\r\n\t<div class=\"col-md-12 widget-header\">\r\n\t\t<h3 class=\"widget-title text-dark\">Our work in pictures<\/h3>\r\n\t<\/div>\r\n\r\n\t<div class=\"wrapper\">\t\r\n\t\t\t\t\t\t\t\t\t\t\t\t\t<div class=\"col-lg-4 col-md-4 col-sm-4 col-xs-12\">\r\n\t\t\t\t<div class=\"image-w relative\">\r\n\r\n\t\t\t\t\t\t\t\t\t\t\t\t\t\t\t\t\t\t\t\t<a rel=\"69f46a15177e6\" data-fancybox=\"69f46a15177e6\" class=\"overlay-none overlay-hover-none scale-none\" href=\"https:\/\/bartekdent.cz\/wp-content\/uploads\/2022\/08\/Case-2-web.jpg\" data-caption=\"fotky zub\u016f p\u0159ed a po oprav\u011b\" title=\"fotky zub\u016f p\u0159ed a po oprav\u011b\" >\r\n\t\t\t\t\t\t\t\t\t\t\t\t\t\r\n\t\t\t\t\t\t\t\t\t\t\t\t\t<img loading=\"lazy\" decoding=\"async\" width=\"750\" height=\"500\" src=\"https:\/\/bartekdent.cz\/wp-content\/uploads\/2022\/08\/Case-2-web-750x500.jpg\" class=\"attachment-orion_carousel size-orion_carousel\" alt=\"fotky zub\u016f p\u0159ed a po oprav\u011b\" \/>\t\t\t\t\t\t\t<div class=\"overlay\"><\/div>\r\n\t\t\t\t\t\t\r\n\t\t\t\t\t\t\t\t\t\t\t\t\t<\/a>\r\n\t\t\t\t\t\t\t\r\n\t\t\t\t\t\r\n\t\t\t\t\t<div class=\"absolute\">\r\n\t\t\t\t\t\t\t\t\t\t\t<div class=\"hover-desc table-wrap\">\r\n\t\t\t\t\t\t\t<div class=\"cell-wrap\">\r\n\t\t\t\t\t\t\t\t<h4 class=\"text-light\">Oprava kaz\u016f b\u00edl\u00fdmi v\u00fdpln\u011bmi<\/h4>\r\n\t\t\t\t\t\t\t<\/div>\r\n\t\t\t\t\t\t<\/div>\r\n\t\t\t\t\t\t\r\n\t\t\t\t\t<\/div>\t\t\t\t\t\r\n\t\t\t\t<\/div>\r\n\t\t\t<\/div>\r\n\t\t\t\t\t\t\t\t<div class=\"col-lg-4 col-md-4 col-sm-4 col-xs-12\">\r\n\t\t\t\t<div class=\"image-w relative\">\r\n\r\n\t\t\t\t\t\t\t\t\t\t\t\t\t\t\t\t\t\t\t\t<a rel=\"69f46a15177e6\" data-fancybox=\"69f46a15177e6\" class=\"overlay-none overlay-hover-none scale-none\" href=\"https:\/\/bartekdent.cz\/wp-content\/uploads\/2022\/08\/Case-1-web-1024x683.jpg\" data-caption=\"\" title=\"\" >\r\n\t\t\t\t\t\t\t\t\t\t\t\t\t\r\n\t\t\t\t\t\t\t\t\t\t\t\t\t<img loading=\"lazy\" decoding=\"async\" width=\"750\" height=\"500\" src=\"https:\/\/bartekdent.cz\/wp-content\/uploads\/2022\/08\/Case-1-web-750x500.jpg\" class=\"attachment-orion_carousel size-orion_carousel\" alt=\"\" \/>\t\t\t\t\t\t\t<div class=\"overlay\"><\/div>\r\n\t\t\t\t\t\t\r\n\t\t\t\t\t\t\t\t\t\t\t\t\t<\/a>\r\n\t\t\t\t\t\t\t\r\n\t\t\t\t\t\r\n\t\t\t\t\t<div class=\"absolute\">\r\n\t\t\t\t\t\t\t\t\t\t\t<div class=\"hover-desc table-wrap\">\r\n\t\t\t\t\t\t\t<div class=\"cell-wrap\">\r\n\t\t\t\t\t\t\t\t<h4 class=\"text-light\">Oprava kaz\u016f b\u00edlou v\u00fdpln\u00ed<\/h4>\r\n\t\t\t\t\t\t\t<\/div>\r\n\t\t\t\t\t\t<\/div>\r\n\t\t\t\t\t\t\r\n\t\t\t\t\t<\/div>\t\t\t\t\t\r\n\t\t\t\t<\/div>\r\n\t\t\t<\/div>\r\n\t\t\t\t\t\t\t\t<div class=\"col-lg-4 col-md-4 col-sm-4 col-xs-12\">\r\n\t\t\t\t<div class=\"image-w relative\">\r\n\r\n\t\t\t\t\t\t\t\t\t\t\t\t\t\t\t\t\t\t\t\t<a rel=\"69f46a15177e6\" data-fancybox=\"69f46a15177e6\" class=\"overlay-none overlay-hover-none scale-none\" href=\"https:\/\/bartekdent.cz\/wp-content\/uploads\/2025\/08\/Collage-22-1024x683.jpg\" data-caption=\"fotka keramick\u00e9ho m\u016fstku\" title=\"fotka keramick\u00e9ho m\u016fstku\" >\r\n\t\t\t\t\t\t\t\t\t\t\t\t\t\r\n\t\t\t\t\t\t\t\t\t\t\t\t\t<img loading=\"lazy\" decoding=\"async\" width=\"750\" height=\"500\" src=\"https:\/\/bartekdent.cz\/wp-content\/uploads\/2025\/08\/Collage-22-750x500.jpg\" class=\"attachment-orion_carousel size-orion_carousel\" alt=\"fotka keramick\u00e9ho m\u016fstku\" \/>\t\t\t\t\t\t\t<div class=\"overlay\"><\/div>\r\n\t\t\t\t\t\t\r\n\t\t\t\t\t\t\t\t\t\t\t\t\t<\/a>\r\n\t\t\t\t\t\t\t\r\n\t\t\t\t\t\r\n\t\t\t\t\t<div class=\"absolute\">\r\n\t\t\t\t\t\t\t\t\t\t\t<div class=\"hover-desc table-wrap\">\r\n\t\t\t\t\t\t\t<div class=\"cell-wrap\">\r\n\t\t\t\t\t\t\t\t<h4 class=\"text-light\">Keramick\u00fd m\u016fstek<\/h4>\r\n\t\t\t\t\t\t\t<\/div>\r\n\t\t\t\t\t\t<\/div>\r\n\t\t\t\t\t\t\r\n\t\t\t\t\t<\/div>\t\t\t\t\t\r\n\t\t\t\t<\/div>\r\n\t\t\t<\/div>\r\n\t\t\t\t\t\t\t\t<div class=\"col-lg-4 col-md-4 col-sm-4 col-xs-12\">\r\n\t\t\t\t<div class=\"image-w relative\">\r\n\r\n\t\t\t\t\t\t\t\t\t\t\t\t\t\t\t\t\t\t\t\t<a rel=\"69f46a15177e6\" data-fancybox=\"69f46a15177e6\" class=\"overlay-none overlay-hover-none scale-none\" href=\"https:\/\/bartekdent.cz\/wp-content\/uploads\/2022\/11\/Collage-7-1024x683.jpg\" data-caption=\"zuby po dent\u00e1ln\u00ed hygien\u011b\" title=\"zuby po dent\u00e1ln\u00ed hygien\u011b\" >\r\n\t\t\t\t\t\t\t\t\t\t\t\t\t\r\n\t\t\t\t\t\t\t\t\t\t\t\t\t<img loading=\"lazy\" decoding=\"async\" width=\"750\" height=\"500\" src=\"https:\/\/bartekdent.cz\/wp-content\/uploads\/2022\/11\/Collage-7-750x500.jpg\" class=\"attachment-orion_carousel size-orion_carousel\" alt=\"zuby po dent\u00e1ln\u00ed hygien\u011b\" \/>\t\t\t\t\t\t\t<div class=\"overlay\"><\/div>\r\n\t\t\t\t\t\t\r\n\t\t\t\t\t\t\t\t\t\t\t\t\t<\/a>\r\n\t\t\t\t\t\t\t\r\n\t\t\t\t\t\r\n\t\t\t\t\t<div class=\"absolute\">\r\n\t\t\t\t\t\t\t\t\t\t\t<div class=\"hover-desc table-wrap\">\r\n\t\t\t\t\t\t\t<div class=\"cell-wrap\">\r\n\t\t\t\t\t\t\t\t<h4 class=\"text-light\">Professional teeth cleaning<\/h4>\r\n\t\t\t\t\t\t\t<\/div>\r\n\t\t\t\t\t\t<\/div>\r\n\t\t\t\t\t\t\r\n\t\t\t\t\t<\/div>\t\t\t\t\t\r\n\t\t\t\t<\/div>\r\n\t\t\t<\/div>\r\n\t\t\t\t\t\t\t\t<div class=\"col-lg-4 col-md-4 col-sm-4 col-xs-12\">\r\n\t\t\t\t<div class=\"image-w relative\">\r\n\r\n\t\t\t\t\t\t\t\t\t\t\t\t\t\t\t\t\t\t\t\t<a rel=\"69f46a15177e6\" data-fancybox=\"69f46a15177e6\" class=\"overlay-none overlay-hover-none scale-none\" href=\"https:\/\/bartekdent.cz\/wp-content\/uploads\/2024\/12\/Collage-19-1024x683.jpg\" data-caption=\"celokeramick\u00e9 korunky\" title=\"celokeramick\u00e9 korunky\" >\r\n\t\t\t\t\t\t\t\t\t\t\t\t\t\r\n\t\t\t\t\t\t\t\t\t\t\t\t\t<img loading=\"lazy\" decoding=\"async\" width=\"750\" height=\"500\" src=\"https:\/\/bartekdent.cz\/wp-content\/uploads\/2024\/12\/Collage-19-750x500.jpg\" class=\"attachment-orion_carousel size-orion_carousel\" alt=\"celokeramick\u00e9 korunky\" \/>\t\t\t\t\t\t\t<div class=\"overlay\"><\/div>\r\n\t\t\t\t\t\t\r\n\t\t\t\t\t\t\t\t\t\t\t\t\t<\/a>\r\n\t\t\t\t\t\t\t\r\n\t\t\t\t\t\r\n\t\t\t\t\t<div class=\"absolute\">\r\n\t\t\t\t\t\t\t\t\t\t\t<div class=\"hover-desc table-wrap\">\r\n\t\t\t\t\t\t\t<div class=\"cell-wrap\">\r\n\t\t\t\t\t\t\t\t<h4 class=\"text-light\">N\u00e1hrada skloviny celokeramikou<\/h4>\r\n\t\t\t\t\t\t\t<\/div>\r\n\t\t\t\t\t\t<\/div>\r\n\t\t\t\t\t\t\r\n\t\t\t\t\t<\/div>\t\t\t\t\t\r\n\t\t\t\t<\/div>\r\n\t\t\t<\/div>\r\n\t\t\t\t\t\t\t\t<div class=\"col-lg-4 col-md-4 col-sm-4 col-xs-12\">\r\n\t\t\t\t<div class=\"image-w relative\">\r\n\r\n\t\t\t\t\t\t\t\t\t\t\t\t\t\t\t\t\t\t\t\t<a rel=\"69f46a15177e6\" data-fancybox=\"69f46a15177e6\" class=\"overlay-none overlay-hover-none scale-none\" href=\"https:\/\/bartekdent.cz\/wp-content\/uploads\/2024\/06\/Collage-10-1024x683.jpg\" data-caption=\"N\u00e1hrada ztracen\u00fdch \u0159ez\u00e1k\u016f\" title=\"N\u00e1hrada ztracen\u00fdch \u0159ez\u00e1k\u016f\" >\r\n\t\t\t\t\t\t\t\t\t\t\t\t\t\r\n\t\t\t\t\t\t\t\t\t\t\t\t\t<img loading=\"lazy\" decoding=\"async\" width=\"750\" height=\"500\" src=\"https:\/\/bartekdent.cz\/wp-content\/uploads\/2024\/06\/Collage-10-750x500.jpg\" class=\"attachment-orion_carousel size-orion_carousel\" alt=\"N\u00e1hrada ztracen\u00fdch \u0159ez\u00e1k\u016f\" \/>\t\t\t\t\t\t\t<div class=\"overlay\"><\/div>\r\n\t\t\t\t\t\t\r\n\t\t\t\t\t\t\t\t\t\t\t\t\t<\/a>\r\n\t\t\t\t\t\t\t\r\n\t\t\t\t\t\r\n\t\t\t\t\t<div class=\"absolute\">\r\n\t\t\t\t\t\t\t\t\t\t\t<div class=\"hover-desc table-wrap\">\r\n\t\t\t\t\t\t\t<div class=\"cell-wrap\">\r\n\t\t\t\t\t\t\t\t<h4 class=\"text-light\">N\u00e1hrada ztracen\u00fdch \u0159ez\u00e1k\u016f <\/h4>\r\n\t\t\t\t\t\t\t<\/div>\r\n\t\t\t\t\t\t<\/div>\r\n\t\t\t\t\t\t\r\n\t\t\t\t\t<\/div>\t\t\t\t\t\r\n\t\t\t\t<\/div>\r\n\t\t\t<\/div>\r\n\t\t\t\t\t\t\t\t<div class=\"col-lg-4 col-md-4 col-sm-4 col-xs-12\">\r\n\t\t\t\t<div class=\"image-w relative\">\r\n\r\n\t\t\t\t\t\t\t\t\t\t\t\t\t\t\t\t\t\t\t\t<a rel=\"69f46a15177e6\" data-fancybox=\"69f46a15177e6\" class=\"overlay-none overlay-hover-none scale-none\" href=\"https:\/\/bartekdent.cz\/wp-content\/uploads\/2024\/06\/Collage-14-1024x683.jpg\" data-caption=\"Oprava po\u0161kozen\u00e9 skloviny\" title=\"Oprava po\u0161kozen\u00e9 skloviny\" >\r\n\t\t\t\t\t\t\t\t\t\t\t\t\t\r\n\t\t\t\t\t\t\t\t\t\t\t\t\t<img loading=\"lazy\" decoding=\"async\" width=\"750\" height=\"500\" src=\"https:\/\/bartekdent.cz\/wp-content\/uploads\/2024\/06\/Collage-14-750x500.jpg\" class=\"attachment-orion_carousel size-orion_carousel\" alt=\"Oprava po\u0161kozen\u00e9 skloviny\" \/>\t\t\t\t\t\t\t<div class=\"overlay\"><\/div>\r\n\t\t\t\t\t\t\r\n\t\t\t\t\t\t\t\t\t\t\t\t\t<\/a>\r\n\t\t\t\t\t\t\t\r\n\t\t\t\t\t\r\n\t\t\t\t\t<div class=\"absolute\">\r\n\t\t\t\t\t\t\t\t\t\t\t<div class=\"hover-desc table-wrap\">\r\n\t\t\t\t\t\t\t<div class=\"cell-wrap\">\r\n\t\t\t\t\t\t\t\t<h4 class=\"text-light\">Oprava po\u0161kozen\u00e9 skloviny fotokompozitem<\/h4>\r\n\t\t\t\t\t\t\t<\/div>\r\n\t\t\t\t\t\t<\/div>\r\n\t\t\t\t\t\t\r\n\t\t\t\t\t<\/div>\t\t\t\t\t\r\n\t\t\t\t<\/div>\r\n\t\t\t<\/div>\r\n\t\t\t\t\t\t\t\t<div class=\"col-lg-4 col-md-4 col-sm-4 col-xs-12\">\r\n\t\t\t\t<div class=\"image-w relative\">\r\n\r\n\t\t\t\t\t\t\t\t\t\t\t\t\t\t\t\t\t\t\t\t<a rel=\"69f46a15177e6\" data-fancybox=\"69f46a15177e6\" class=\"overlay-none overlay-hover-none scale-none\" href=\"https:\/\/bartekdent.cz\/wp-content\/uploads\/2024\/06\/Collage-13-1024x683.jpg\" data-caption=\"Dostavby fotokompozitem\" title=\"Dostavby fotokompozitem\" >\r\n\t\t\t\t\t\t\t\t\t\t\t\t\t\r\n\t\t\t\t\t\t\t\t\t\t\t\t\t<img loading=\"lazy\" decoding=\"async\" width=\"750\" height=\"500\" src=\"https:\/\/bartekdent.cz\/wp-content\/uploads\/2024\/06\/Collage-13-750x500.jpg\" class=\"attachment-orion_carousel size-orion_carousel\" alt=\"Dostavby fotokompozitem\" \/>\t\t\t\t\t\t\t<div class=\"overlay\"><\/div>\r\n\t\t\t\t\t\t\r\n\t\t\t\t\t\t\t\t\t\t\t\t\t<\/a>\r\n\t\t\t\t\t\t\t\r\n\t\t\t\t\t\r\n\t\t\t\t\t<div class=\"absolute\">\r\n\t\t\t\t\t\t\t\t\t\t\t<div class=\"hover-desc table-wrap\">\r\n\t\t\t\t\t\t\t<div class=\"cell-wrap\">\r\n\t\t\t\t\t\t\t\t<h4 class=\"text-light\">Dostavby zub\u016f fotkompozitem<\/h4>\r\n\t\t\t\t\t\t\t<\/div>\r\n\t\t\t\t\t\t<\/div>\r\n\t\t\t\t\t\t\r\n\t\t\t\t\t<\/div>\t\t\t\t\t\r\n\t\t\t\t<\/div>\r\n\t\t\t<\/div>\r\n\t\t\t\t\t\t\t\t<div class=\"col-lg-4 col-md-4 col-sm-4 col-xs-12\">\r\n\t\t\t\t<div class=\"image-w relative\">\r\n\r\n\t\t\t\t\t\t\t\t\t\t\t\t\t\t\t\t\t\t\t\t<a rel=\"69f46a15177e6\" data-fancybox=\"69f46a15177e6\" class=\"overlay-none overlay-hover-none scale-none\" href=\"https:\/\/bartekdent.cz\/wp-content\/uploads\/2024\/06\/Collage-15-1024x683.jpg\" data-caption=\"Oprava kaz\u016f na p\u0159edn\u00edch zubech\" title=\"Oprava kaz\u016f na p\u0159edn\u00edch zubech\" >\r\n\t\t\t\t\t\t\t\t\t\t\t\t\t\r\n\t\t\t\t\t\t\t\t\t\t\t\t\t<img loading=\"lazy\" decoding=\"async\" width=\"750\" height=\"500\" src=\"https:\/\/bartekdent.cz\/wp-content\/uploads\/2024\/06\/Collage-15-750x500.jpg\" class=\"attachment-orion_carousel size-orion_carousel\" alt=\"Oprava kaz\u016f na p\u0159edn\u00edch zubech\" \/>\t\t\t\t\t\t\t<div class=\"overlay\"><\/div>\r\n\t\t\t\t\t\t\r\n\t\t\t\t\t\t\t\t\t\t\t\t\t<\/a>\r\n\t\t\t\t\t\t\t\r\n\t\t\t\t\t\r\n\t\t\t\t\t<div class=\"absolute\">\r\n\t\t\t\t\t\t\t\t\t\t\t<div class=\"hover-desc table-wrap\">\r\n\t\t\t\t\t\t\t<div class=\"cell-wrap\">\r\n\t\t\t\t\t\t\t\t<h4 class=\"text-light\">Rozs\u00e1hl\u00e1 sanace kaziv\u00fdch l\u00e9z\u00ed<\/h4>\r\n\t\t\t\t\t\t\t<\/div>\r\n\t\t\t\t\t\t<\/div>\r\n\t\t\t\t\t\t\r\n\t\t\t\t\t<\/div>\t\t\t\t\t\r\n\t\t\t\t<\/div>\r\n\t\t\t<\/div>\r\n\t\t\t\t\t\t\t\t<div class=\"col-lg-4 col-md-4 col-sm-4 col-xs-12\">\r\n\t\t\t\t<div class=\"image-w relative\">\r\n\r\n\t\t\t\t\t\t\t\t\t\t\t\t\t\t\t\t\t\t\t\t<a rel=\"69f46a15177e6\" data-fancybox=\"69f46a15177e6\" class=\"overlay-none overlay-hover-none scale-none\" href=\"https:\/\/bartekdent.cz\/wp-content\/uploads\/2024\/12\/Collage-20-1024x683.jpg\" data-caption=\"b\u00edl\u00e9 v\u00fdpln\u011b\" title=\"b\u00edl\u00e9 v\u00fdpln\u011b\" >\r\n\t\t\t\t\t\t\t\t\t\t\t\t\t\r\n\t\t\t\t\t\t\t\t\t\t\t\t\t<img loading=\"lazy\" decoding=\"async\" width=\"750\" height=\"500\" src=\"https:\/\/bartekdent.cz\/wp-content\/uploads\/2024\/12\/Collage-20-750x500.jpg\" class=\"attachment-orion_carousel size-orion_carousel\" alt=\"b\u00edl\u00e9 v\u00fdpln\u011b\" \/>\t\t\t\t\t\t\t<div class=\"overlay\"><\/div>\r\n\t\t\t\t\t\t\r\n\t\t\t\t\t\t\t\t\t\t\t\t\t<\/a>\r\n\t\t\t\t\t\t\t\r\n\t\t\t\t\t\r\n\t\t\t\t\t<div class=\"absolute\">\r\n\t\t\t\t\t\t\t\t\t\t\t<div class=\"hover-desc table-wrap\">\r\n\t\t\t\t\t\t\t<div class=\"cell-wrap\">\r\n\t\t\t\t\t\t\t\t<h4 class=\"text-light\">Fotokompozitn\u00ed v\u00fdpln\u011b p\u0159edn\u00edch zub\u016f<\/h4>\r\n\t\t\t\t\t\t\t<\/div>\r\n\t\t\t\t\t\t<\/div>\r\n\t\t\t\t\t\t\r\n\t\t\t\t\t<\/div>\t\t\t\t\t\r\n\t\t\t\t<\/div>\r\n\t\t\t<\/div>\r\n\t\t\t\t\t\t\t\t<div class=\"col-lg-4 col-md-4 col-sm-4 col-xs-12\">\r\n\t\t\t\t<div class=\"image-w relative\">\r\n\r\n\t\t\t\t\t\t\t\t\t\t\t\t\t\t\t\t\t\t\t\t<a rel=\"69f46a15177e6\" data-fancybox=\"69f46a15177e6\" class=\"overlay-none overlay-hover-none scale-none\" href=\"https:\/\/bartekdent.cz\/wp-content\/uploads\/2025\/08\/Collage-21-1024x683.jpg\" data-caption=\"Keramick\u00e9 korunky\" title=\"Keramick\u00e9 korunky\" >\r\n\t\t\t\t\t\t\t\t\t\t\t\t\t\r\n\t\t\t\t\t\t\t\t\t\t\t\t\t<img loading=\"lazy\" decoding=\"async\" width=\"750\" height=\"500\" src=\"https:\/\/bartekdent.cz\/wp-content\/uploads\/2025\/08\/Collage-21-750x500.jpg\" class=\"attachment-orion_carousel size-orion_carousel\" alt=\"Keramick\u00e9 korunky\" \/>\t\t\t\t\t\t\t<div class=\"overlay\"><\/div>\r\n\t\t\t\t\t\t\r\n\t\t\t\t\t\t\t\t\t\t\t\t\t<\/a>\r\n\t\t\t\t\t\t\t\r\n\t\t\t\t\t\r\n\t\t\t\t\t<div class=\"absolute\">\r\n\t\t\t\t\t\t\t\t\t\t\t<div class=\"hover-desc table-wrap\">\r\n\t\t\t\t\t\t\t<div class=\"cell-wrap\">\r\n\t\t\t\t\t\t\t\t<h4 class=\"text-light\">Keramika na p\u0159edn\u00edch zubech<\/h4>\r\n\t\t\t\t\t\t\t<\/div>\r\n\t\t\t\t\t\t<\/div>\r\n\t\t\t\t\t\t\r\n\t\t\t\t\t<\/div>\t\t\t\t\t\r\n\t\t\t\t<\/div>\r\n\t\t\t<\/div>\r\n\t\t\t\t\r\n\t\t\r\n\t<\/div>\r\n<\/div><\/div><\/div><\/div><\/div><\/div><\/div><div id=\"pg-2165-1\"  class=\"panel-grid panel-has-style\" ><div class=\"divider-no-animation tablet-default mobile-1-in-row desktop-default custom panel-row-style panel-row-style-for-2165-1\" ><div id=\"pgc-2165-1-0\"  class=\"panel-grid-cell\" ><div id=\"panel-2165-1-0-0\" class=\"so-panel widget widget_orion_team_w panel-first-child panel-last-child\" data-index=\"4\" ><div class=\"orion custom default panel-widget-style panel-widget-style-for-2165-1-0-0\" ><div\n\t\t\t\n\t\t\tclass=\"so-widget-orion_team_w so-widget-orion_team_w-base\"\n\t\t\t\n\t\t><div class=\"row team-members grid top-nav\">\r\n\r\n<div class=\"wrapper\">\r\n\r\n\t\r\n\t\t\t\t\t\t\t<article class=\"item col-md-6 col-sm-6\">\r\n\t\t\t<div class=\"wrap\" style=\"background-color: transparent\">\r\n\t\t\t\t<header class=\"entry-header\" >\r\n\t\t\t\t\t\t\t\t\t\t\t\t\t\t\t\t<a href=\"https:\/\/bartekdent.cz\/en\/team-member\/mddr-anita-bartek\/\" class=\"image-wrap overlay-none overlay-hover-black scale-zoomout orion_circle rounded\">\r\n\t\t\t\t\t\t\t\t\t\t\t\t\t\t<div class=\"circle-wrap\">\r\n\t\t\t\t\t\t\t\t\t\t\t\t\t\t\t<img loading=\"lazy\" decoding=\"async\" width=\"750\" height=\"750\" src=\"https:\/\/bartekdent.cz\/wp-content\/uploads\/2016\/10\/IMG_3498-750x750.jpg\" class=\"attachment-orion_square size-orion_square wp-post-image\" alt=\"\" \/>\t\t\t\t\t\t\t\t<div class=\"overlay\"><\/div>\r\n\t\t\t\t\t\t\t\t\t\t\t\t\t\t<\/div>\r\n\t\t\t\t\t\t\t\t\t\t\t\t\t<\/a>\r\n\t\t\t\t\t\t\t\t\t\t\t\r\n\t\t\t\t<\/header>\t\r\n\t\t\t<div class=\"entry-content vcard  no_bg_color no_border\">\r\n\t\t\t\t<div class=\"basic-info\">\r\n\t\t\t\t\t \r\n\t\t\t\t\t\t<div class=\"departments\">\t\r\n\t\t\t\t\t\t\t \r\n\t\t\t\t\t\t        \t\t\t\t\t\t        \t\t\t\t\t\t\t\t\t\t\r\n\t\t\t\t\t\t\t\t<a class=\"font-3 small category primary-hover primary-color\" href=\"https:\/\/bartekdent.cz\/en\/department\/zubar\/\">The dentist<\/a>\r\n\t\t\t\t\t\t        \t\t\t\t\t\t\t\t\t\t\t\t    <\/div>\t\r\n\t\t\t\t    \r\n\t\t\t\t    \t\t\t\t\t\t<a title=\"MDDr. Anita B\u00e1rtek\" class=\"primary-hover\" href=\"https:\/\/bartekdent.cz\/en\/team-member\/mddr-anita-bartek\/\"> <h2 class=\"item-title h5\"> MDDr. Anita B\u00e1rtek<\/h2>\r\n\t\t\t\t\t\t<\/a>\r\n\t\t\t\t\t\t\t\t\t\r\n\t\t\t\t\t\t\t\t\t\t\r\n\t\t\t\t\t\t\t\t\t<\/div> \r\n\r\n\t\t\t\t\t\r\n\t\t\t<\/div>\r\n\t\t<\/div>\r\n\t\t<\/article>\r\n\t\t\t\t\t\t\t<article class=\"item col-md-6 col-sm-6\">\r\n\t\t\t<div class=\"wrap\" style=\"background-color: transparent\">\r\n\t\t\t\t<header class=\"entry-header\" >\r\n\t\t\t\t\t\t\t\t\t\t\t\t\t\t\t\t<a href=\"https:\/\/bartekdent.cz\/en\/team-member\/iva-zwinsova\/\" class=\"image-wrap overlay-none overlay-hover-black scale-zoomout orion_circle rounded\">\r\n\t\t\t\t\t\t\t\t\t\t\t\t\t\t<div class=\"circle-wrap\">\r\n\t\t\t\t\t\t\t\t\t\t\t\t\t\t\t<img loading=\"lazy\" decoding=\"async\" width=\"750\" height=\"750\" src=\"https:\/\/bartekdent.cz\/wp-content\/uploads\/2016\/10\/15718-750x750.jpg\" class=\"attachment-orion_square size-orion_square wp-post-image\" alt=\"\" \/>\t\t\t\t\t\t\t\t<div class=\"overlay\"><\/div>\r\n\t\t\t\t\t\t\t\t\t\t\t\t\t\t<\/div>\r\n\t\t\t\t\t\t\t\t\t\t\t\t\t<\/a>\r\n\t\t\t\t\t\t\t\t\t\t\t\r\n\t\t\t\t<\/header>\t\r\n\t\t\t<div class=\"entry-content vcard  no_bg_color no_border\">\r\n\t\t\t\t<div class=\"basic-info\">\r\n\t\t\t\t\t \r\n\t\t\t\t\t\t<div class=\"departments\">\t\r\n\t\t\t\t\t\t\t \r\n\t\t\t\t\t\t        \t\t\t\t\t\t        \t\t\t\t\t\t\t\t\t\t\r\n\t\t\t\t\t\t\t\t<a class=\"font-3 small category primary-hover primary-color\" href=\"https:\/\/bartekdent.cz\/en\/department\/zdravotni-sestra\/\">The nurse<\/a>\r\n\t\t\t\t\t\t        \t\t\t\t\t\t\t\t\t\t\t\t    <\/div>\t\r\n\t\t\t\t    \r\n\t\t\t\t    \t\t\t\t\t\t<a title=\"Iva Zwinsov\u00e1\" class=\"primary-hover\" href=\"https:\/\/bartekdent.cz\/en\/team-member\/iva-zwinsova\/\"> <h2 class=\"item-title h5\"> Iva Zwinsov\u00e1<\/h2>\r\n\t\t\t\t\t\t<\/a>\r\n\t\t\t\t\t\t\t\t\t\r\n\t\t\t\t\t\t\t\t\t\t\r\n\t\t\t\t\t\t\t\t\t<\/div> \r\n\r\n\t\t\t\t\t\r\n\t\t\t<\/div>\r\n\t\t<\/div>\r\n\t\t<\/article>\r\n\t\r\n\t\t\r\n\t<\/div>\r\n<\/div>\t\r\n<\/div><\/div><\/div><\/div><\/div><\/div><\/div>","protected":false},"excerpt":{"rendered":"<p>Ordinace pro\u0161la v roce 2021 modernizac\u00ed. Nov\u011b je k dispozici OPG p\u0159\u00edstroj, pomoc\u00ed kter\u00e9ho je mo\u017en\u00e9 rentgenovat \u010delisti a kolem\u010delistn\u00ed prostory, p\u0159\u00edm\u00e1 viziografie (digitalizace RTG sn\u00edmk\u016f) a p\u0159\u00edstroj na strojov\u00e9 opracov\u00e1n\u00ed a pln\u011bn\u00ed ko\u0159enov\u00fdch kan\u00e1lk\u016f. P\u0159i ka\u017ed\u00e9m vrt\u00e1n\u00ed pou\u017e\u00edv\u00e1me detektor kazu, kter\u00fd n\u00e1m uk\u00e1\u017ee kter\u00e9 \u010d\u00e1sti zubu jsou infikovan\u00e9 a je tedy nutno je odstranit<\/p>","protected":false},"author":1,"featured_media":0,"parent":0,"menu_order":0,"comment_status":"closed","ping_status":"closed","template":"","meta":{"footnotes":""},"class_list":["post-2165","page","type-page","status-publish","hentry"],"_links":{"self":[{"href":"https:\/\/bartekdent.cz\/en\/wp-json\/wp\/v2\/pages\/2165","targetHints":{"allow":["GET"]}}],"collection":[{"href":"https:\/\/bartekdent.cz\/en\/wp-json\/wp\/v2\/pages"}],"about":[{"href":"https:\/\/bartekdent.cz\/en\/wp-json\/wp\/v2\/types\/page"}],"author":[{"embeddable":true,"href":"https:\/\/bartekdent.cz\/en\/wp-json\/wp\/v2\/users\/1"}],"replies":[{"embeddable":true,"href":"https:\/\/bartekdent.cz\/en\/wp-json\/wp\/v2\/comments?post=2165"}],"version-history":[{"count":44,"href":"https:\/\/bartekdent.cz\/en\/wp-json\/wp\/v2\/pages\/2165\/revisions"}],"predecessor-version":[{"id":3054,"href":"https:\/\/bartekdent.cz\/en\/wp-json\/wp\/v2\/pages\/2165\/revisions\/3054"}],"wp:attachment":[{"href":"https:\/\/bartekdent.cz\/en\/wp-json\/wp\/v2\/media?parent=2165"}],"curies":[{"name":"wp","href":"https:\/\/api.w.org\/{rel}","templated":true}]}}