{"id":2052,"date":"2017-05-18T12:06:37","date_gmt":"2017-05-18T12:06:37","guid":{"rendered":"http:\/\/dentalia.orionthemes.com\/new-demos\/demo-1\/?page_id=2052"},"modified":"2026-01-01T12:56:58","modified_gmt":"2026-01-01T11:56:58","slug":"kontakt","status":"publish","type":"page","link":"https:\/\/bartekdent.cz\/cs_cz\/kontakt\/","title":{"rendered":"Kontakt"},"content":{"rendered":"<div id=\"pl-2052\"  class=\"panel-layout\" ><div id=\"pg-2052-0\"  class=\"panel-grid panel-has-style\" ><div class=\"siteorigin-panels-stretch divider-no-animation tablet-1-in-row mobile-1-in-row desktop-default full-width-on-small-devices full-width-on-tablets custom bg-cover-golden panel-row-style panel-row-style-for-2052-0\" data-stretch-type=\"full\" ><div id=\"pgc-2052-0-0\"  class=\"panel-grid-cell panel-grid-cell-mobile-last\" ><div class=\"overlay-light custom panel-cell-style panel-cell-style-for-2052-0-0\" ><div id=\"panel-2052-0-0-0\" class=\"so-panel widget widget_orion_heading_w panel-first-child\" data-index=\"0\" ><div class=\"orion custom mobile-text-center default panel-widget-style panel-widget-style-for-2052-0-0-0\" ><div\n\t\t\t\n\t\t\tclass=\"so-widget-orion_heading_w so-widget-orion_heading_w-base\"\n\t\t\t\n\t\t> \r\n\t\t\t<div class=\"row orion-heading\" style=\"margin-bottom:0px;\">\r\n\t\t<div class=\"col-md-12  separator-style-2 text-left style-h1 style-tertiary-color\">\r\n\t\t\t<h1 class=\"tertiary-color\">\r\n\t\t\t\tKontakt\t\t\t<\/h1>\r\n\t\t<\/div>\r\n\t<\/div>\r\n\r\n\t<\/div><\/div><\/div><div id=\"panel-2052-0-0-1\" class=\"so-panel widget widget_orion_heading_w\" data-index=\"1\" ><div class=\"orion custom mobile-text-center default panel-widget-style panel-widget-style-for-2052-0-0-1\" ><div\n\t\t\t\n\t\t\tclass=\"so-widget-orion_heading_w so-widget-orion_heading_w-base\"\n\t\t\t\n\t\t> \r\n\t\t\t<div class=\"row orion-heading\" style=\"margin-bottom:0px;\">\r\n\t\t<div class=\"col-md-12   text-left style-h3 style-tertiary-color\">\r\n\t\t\t<h3 class=\"tertiary-color\">\r\n\t\t\t\tZavolejte na telefon <span class=\"primary-color\">+420 737 976 488<\/span>\t\t\t<\/h3>\r\n\t\t<\/div>\r\n\t<\/div>\r\n\r\n\t<\/div><\/div><\/div><div id=\"panel-2052-0-0-2\" class=\"so-panel widget widget_orion_heading_w\" data-index=\"2\" ><div class=\"orion custom mobile-text-center default panel-widget-style panel-widget-style-for-2052-0-0-2\" ><div\n\t\t\t\n\t\t\tclass=\"so-widget-orion_heading_w so-widget-orion_heading_w-base\"\n\t\t\t\n\t\t> \r\n\t\t\t<div class=\"row orion-heading\" style=\"margin-bottom:0px;\">\r\n\t\t<div class=\"col-md-12   text-left style-h3 style-tertiary-color\">\r\n\t\t\t<h3 class=\"tertiary-color\">\r\n\t\t\t\tNapi\u0161te n\u00e1m email <span class=\"primary-color\">recepce@bartekdent.cz<\/span>\t\t\t<\/h3>\r\n\t\t<\/div>\r\n\t<\/div>\r\n\r\n\t<\/div><\/div><\/div><div id=\"panel-2052-0-0-3\" class=\"so-panel widget widget_orion_button_w\" data-index=\"3\" ><div class=\"orion custom mobile-text-center default panel-widget-style panel-widget-style-for-2052-0-0-3\" ><div\n\t\t\t\n\t\t\tclass=\"so-widget-orion_button_w so-widget-orion_button_w-base\"\n\t\t\t\n\t\t>\r\n\t\t\t<a class=\"btn btn-c1 icon-right btn-flat btn-md\" target=_blank href=\"https:\/\/bartekdent.xdent.cz\">\r\n\t\t\tObjednejte se online<span class=\"sow-icon-fontawesome sow-fas\" data-sow-icon=\"&#xf073;\"\n\t\tstyle=\"\" \n\t\taria-hidden=\"true\"><\/span>\t\t\r\n\t\t<\/a>\r\n\t\r\n\r\n\r\n\r\n<\/div><\/div><\/div><div id=\"panel-2052-0-0-4\" class=\"so-panel widget widget_orion_button_w panel-last-child\" data-index=\"4\" ><div class=\"orion custom mobile-text-center default panel-widget-style panel-widget-style-for-2052-0-0-4\" ><div\n\t\t\t\n\t\t\tclass=\"so-widget-orion_button_w so-widget-orion_button_w-base\"\n\t\t\t\n\t\t>\r\n\t\t\t<a class=\"btn btn-green icon-right btn-flat btn-md\" target=_blank href=\"https:\/\/wa.me\/message\/TWXZER7GRVLIG1\">\r\n\t\t\tNOVINKA Konzultace p\u0159es Whatsapp i mimo ordina\u010dn\u00ed hodiny<span class=\"sow-icon-fontawesome sow-fas\" data-sow-icon=\"&#xf4ad;\"\n\t\tstyle=\"\" \n\t\taria-hidden=\"true\"><\/span>\t\t\r\n\t\t<\/a>\r\n\t\r\n\r\n\r\n\r\n<\/div><\/div><\/div><\/div><\/div><div id=\"pgc-2052-0-1\"  class=\"panel-grid-cell panel-grid-cell-empty\" ><\/div><\/div><\/div><div id=\"pg-2052-1\"  class=\"panel-grid panel-has-style\" ><div class=\"divider-no-animation tablet-1-in-row mobile-1-in-row desktop-default overlay-light custom bg-o-cover-center panel-row-style panel-row-style-for-2052-1\" ><div id=\"pgc-2052-1-0\"  class=\"panel-grid-cell\" ><div class=\"overlay-c2 panel-cell-style panel-cell-style-for-2052-1-0\" ><div id=\"panel-2052-1-0-0\" class=\"so-panel widget widget_sow-editor panel-first-child\" data-index=\"5\" ><div class=\"orion custom text-light panel-widget-style panel-widget-style-for-2052-1-0-0\" ><div\n\t\t\t\n\t\t\tclass=\"so-widget-sow-editor so-widget-sow-editor-base\"\n\t\t\t\n\t\t>\n<div class=\"siteorigin-widget-tinymce textwidget\">\n\t<h6><strong>B\u00e1rtek Dent s.r.o.<\/strong><\/h6>\n<p>S. K. Neumanna 611<br \/>\nB\u00edlovice nad Svitavou 664 01<br \/>\nI\u010c: 08998001<\/p>\n<\/div>\n<\/div><\/div><\/div><div id=\"panel-2052-1-0-1\" class=\"so-panel widget widget_orion_dividers_w\" data-index=\"6\" ><div class=\"orion default panel-widget-style panel-widget-style-for-2052-1-0-1\" ><div\n\t\t\t\n\t\t\tclass=\"so-widget-orion_dividers_w so-widget-orion_dividers_w-base\"\n\t\t\t\n\t\t>\t<hr style=\"border-top-width:2px; border-top-color:rgba(242,242,242,0.2); border-style: solid; width: 100%;  margin-top:10px;\"><\/div><\/div><\/div><div id=\"panel-2052-1-0-2\" class=\"so-panel widget widget_sow-editor\" data-index=\"7\" ><div class=\"orion custom text-light panel-widget-style panel-widget-style-for-2052-1-0-2\" ><div\n\t\t\t\n\t\t\tclass=\"so-widget-sow-editor so-widget-sow-editor-base\"\n\t\t\t\n\t\t>\n<div class=\"siteorigin-widget-tinymce textwidget\">\n\t<h6><strong>Zavolejte n\u00e1m<\/strong><\/h6>\n<p>+420 737 976 488<\/p>\n<\/div>\n<\/div><\/div><\/div><div id=\"panel-2052-1-0-3\" class=\"so-panel widget widget_text panel-last-child\" data-index=\"8\" ><div class=\"orion custom default panel-widget-style panel-widget-style-for-2052-1-0-3\" ><h3 class=\"widget-title\">Osoba odpov\u011bdn\u00e1 za vy\u0159izov\u00e1n\u00ed st\u00ed\u017enost\u00ed: Filip B\u00e1rtek filip@bartekdent.cz<\/h3>\t\t\t<div class=\"textwidget\"><\/div>\n\t\t<\/div><\/div><\/div><\/div><div id=\"pgc-2052-1-1\"  class=\"panel-grid-cell\" ><div id=\"panel-2052-1-1-0\" class=\"so-panel widget widget_orion_empty_space_w panel-first-child\" data-index=\"9\" ><div class=\"orion custom default panel-widget-style panel-widget-style-for-2052-1-1-0\" ><div\n\t\t\t\n\t\t\tclass=\"so-widget-orion_empty_space_w so-widget-orion_empty_space_w-base\"\n\t\t\t\n\t\t>\t<div class=\"row empty-space visible-sm visible-xs\" style=\"height:30px;\">\r\n\t<\/div><\/div><\/div><\/div><div id=\"panel-2052-1-1-1\" class=\"so-panel widget widget_sow-editor\" data-index=\"10\" ><div class=\"orion custom text-dark panel-widget-style panel-widget-style-for-2052-1-1-1\" ><div\n\t\t\t\n\t\t\tclass=\"so-widget-sow-editor so-widget-sow-editor-base\"\n\t\t\t\n\t\t>\n<div class=\"siteorigin-widget-tinymce textwidget\">\n\t<h5><strong>Ordina\u010dn\u00ed doba<\/strong><\/h5>\n<p>Po - 6:30 - 15:30<\/p>\n<p>\u00dat - 6:30 - 15:30<\/p>\n<p>St - 9:00 - 12:00 pouze specifick\u00e9 v\u00fdkony na objedn\u00e1n\u00ed<\/p>\n<p>\u010ct - 6:30 - 15:30<\/p>\n<p>P\u00e1 - zav\u0159eno<\/p>\n<\/div>\n<\/div><\/div><\/div><div id=\"panel-2052-1-1-2\" class=\"so-panel widget widget_orion_empty_space_w panel-last-child\" data-index=\"11\" ><div class=\"orion custom default panel-widget-style panel-widget-style-for-2052-1-1-2\" ><div\n\t\t\t\n\t\t\tclass=\"so-widget-orion_empty_space_w so-widget-orion_empty_space_w-base\"\n\t\t\t\n\t\t>\t<div class=\"row empty-space visible-sm visible-xs\" style=\"height:30px;\">\r\n\t<\/div><\/div><\/div><\/div><\/div><div id=\"pgc-2052-1-2\"  class=\"panel-grid-cell\" ><div id=\"panel-2052-1-2-0\" class=\"so-panel widget widget_sow-editor panel-first-child\" data-index=\"12\" ><div class=\"orion custom text-dark panel-widget-style panel-widget-style-for-2052-1-2-0\" ><div\n\t\t\t\n\t\t\tclass=\"so-widget-sow-editor so-widget-sow-editor-base\"\n\t\t\t\n\t\t>\n<div class=\"siteorigin-widget-tinymce textwidget\">\n\t<h6><strong>Provozn\u00ed doba<\/strong><\/h6>\n<p>Po - 6:30 - 16:00<\/p>\n<p>\u00dat - 6:30 - 16:00<\/p>\n<p>St - 9:00 - 12:00 pouze specifick\u00e9 v\u00fdkony na objedn\u00e1n\u00ed<\/p>\n<p>\u010ct - 6:30 - 16:00<\/p>\n<p>P\u00e1 - zav\u0159eno<\/p>\n<\/div>\n<\/div><\/div><\/div><div id=\"panel-2052-1-2-1\" class=\"so-panel widget widget_sow-google-map panel-last-child\" data-index=\"13\" ><div class=\"orion custom default panel-widget-style panel-widget-style-for-2052-1-2-1\" ><div\n\t\t\t\n\t\t\tclass=\"so-widget-sow-google-map so-widget-sow-google-map-default-3af065ea1f10-2052\"\n\t\t\t\n\t\t>\n<div class=\"sow-google-map-canvas\"\n\tstyle=\"\"\n\tid=\"map-canvas-db2a887aca2646e3236f77c19af666e6\"\n\tdata-options=\"{&quot;address&quot;:&quot;San Francisco&quot;,&quot;zoom&quot;:12,&quot;mobileZoom&quot;:12,&quot;gestureHandling&quot;:&quot;greedy&quot;,&quot;disableUi&quot;:false,&quot;markerIcon&quot;:&quot;https:\\\/\\\/bartekdent.cz\\\/wp-content\\\/uploads\\\/2016\\\/09\\\/dentalia-demo-marker-1.png&quot;,&quot;markersDraggable&quot;:false,&quot;markerAtCenter&quot;:true,&quot;markerInfoDisplay&quot;:&quot;click&quot;,&quot;markerInfoMultiple&quot;:true,&quot;markerPositions&quot;:[{&quot;place&quot;:&quot;San Francisco&quot;,&quot;info&quot;:&quot;&lt;p&gt;&lt;strong&gt;Dentalia Cosmetic Dentistry&lt;\\\/strong&gt;&lt;br \\\/&gt; 120 Dental Street&lt;br \\\/&gt; San Francisco, CA 94111&lt;\\\/p&gt;\\n&quot;,&quot;infoSelectedEditor&quot;:&quot;tmce&quot;,&quot;infoMaxWidth&quot;:&quot;&quot;,&quot;customMarkerIcon&quot;:0,&quot;customMarkerIconSize&quot;:&quot;&quot;}],&quot;mapName&quot;:&quot;Custom Map&quot;,&quot;mapStyles&quot;:[{&quot;featureType&quot;:&quot;water&quot;,&quot;elementType&quot;:&quot;geometry&quot;,&quot;stylers&quot;:[{&quot;color&quot;:&quot;#e9e9e9&quot;},{&quot;lightness&quot;:17}]},{&quot;featureType&quot;:&quot;landscape&quot;,&quot;elementType&quot;:&quot;geometry&quot;,&quot;stylers&quot;:[{&quot;color&quot;:&quot;#f5f5f5&quot;},{&quot;lightness&quot;:20}]},{&quot;featureType&quot;:&quot;road.highway&quot;,&quot;elementType&quot;:&quot;geometry.fill&quot;,&quot;stylers&quot;:[{&quot;color&quot;:&quot;#ffffff&quot;},{&quot;lightness&quot;:17}]},{&quot;featureType&quot;:&quot;road.highway&quot;,&quot;elementType&quot;:&quot;geometry.stroke&quot;,&quot;stylers&quot;:[{&quot;color&quot;:&quot;#ffffff&quot;},{&quot;lightness&quot;:29},{&quot;weight&quot;:0.2}]},{&quot;featureType&quot;:&quot;road.arterial&quot;,&quot;elementType&quot;:&quot;geometry&quot;,&quot;stylers&quot;:[{&quot;color&quot;:&quot;#ffffff&quot;},{&quot;lightness&quot;:18}]},{&quot;featureType&quot;:&quot;road.local&quot;,&quot;elementType&quot;:&quot;geometry&quot;,&quot;stylers&quot;:[{&quot;color&quot;:&quot;#ffffff&quot;},{&quot;lightness&quot;:16}]},{&quot;featureType&quot;:&quot;poi&quot;,&quot;elementType&quot;:&quot;geometry&quot;,&quot;stylers&quot;:[{&quot;color&quot;:&quot;#f5f5f5&quot;},{&quot;lightness&quot;:21}]},{&quot;featureType&quot;:&quot;poi.park&quot;,&quot;elementType&quot;:&quot;geometry&quot;,&quot;stylers&quot;:[{&quot;color&quot;:&quot;#dedede&quot;},{&quot;lightness&quot;:21}]},{&quot;elementType&quot;:&quot;labels.text.stroke&quot;,&quot;stylers&quot;:[{&quot;visibility&quot;:&quot;on&quot;},{&quot;color&quot;:&quot;#ffffff&quot;},{&quot;lightness&quot;:16}]},{&quot;elementType&quot;:&quot;labels.text.fill&quot;,&quot;stylers&quot;:[{&quot;saturation&quot;:36},{&quot;color&quot;:&quot;#333333&quot;},{&quot;lightness&quot;:40}]},{&quot;elementType&quot;:&quot;labels.icon&quot;,&quot;stylers&quot;:[{&quot;visibility&quot;:&quot;off&quot;}]},{&quot;featureType&quot;:&quot;transit&quot;,&quot;elementType&quot;:&quot;geometry&quot;,&quot;stylers&quot;:[{&quot;color&quot;:&quot;#f2f2f2&quot;},{&quot;lightness&quot;:19}]},{&quot;featureType&quot;:&quot;administrative&quot;,&quot;elementType&quot;:&quot;geometry.fill&quot;,&quot;stylers&quot;:[{&quot;color&quot;:&quot;#fefefe&quot;},{&quot;lightness&quot;:20}]},{&quot;featureType&quot;:&quot;administrative&quot;,&quot;elementType&quot;:&quot;geometry.stroke&quot;,&quot;stylers&quot;:[{&quot;color&quot;:&quot;#fefefe&quot;},{&quot;lightness&quot;:17},{&quot;weight&quot;:1.2}]}],&quot;directions&quot;:&quot;&quot;,&quot;apiKey&quot;:&quot;AIzaSyCwrRYR_b8H9JL36gurApxnP047X003phw&quot;,&quot;breakpoint&quot;:780}\"\n\tdata-fallback-image=\"{&quot;img&quot;:&quot;&quot;}\"><\/div>\n<\/div><\/div><\/div><\/div><\/div><\/div><\/div>","protected":false},"excerpt":{"rendered":"<p>B\u00e1rtek Dent s.r.o. S. K. Neumanna 611 B\u00edlovice nad Svitavou 664 01 I\u010c: 08998001 Zavolejte n\u00e1m +420 737 976 488 Ordina\u010dn\u00ed doba Po &#8211; 6:30 &#8211; 15:30 \u00dat &#8211; 6:30 &#8211; 15:30 St &#8211; 9:00 &#8211; 12:00 pouze specifick\u00e9 v\u00fdkony na objedn\u00e1n\u00ed \u010ct &#8211; 6:30 &#8211; 15:30 P\u00e1 &#8211; zav\u0159eno Provozn\u00ed doba Po &#8211; 6:30<\/p>\n","protected":false},"author":1,"featured_media":0,"parent":0,"menu_order":0,"comment_status":"closed","ping_status":"closed","template":"","meta":{"footnotes":""},"class_list":["post-2052","page","type-page","status-publish","hentry"],"_links":{"self":[{"href":"https:\/\/bartekdent.cz\/cs_cz\/wp-json\/wp\/v2\/pages\/2052","targetHints":{"allow":["GET"]}}],"collection":[{"href":"https:\/\/bartekdent.cz\/cs_cz\/wp-json\/wp\/v2\/pages"}],"about":[{"href":"https:\/\/bartekdent.cz\/cs_cz\/wp-json\/wp\/v2\/types\/page"}],"author":[{"embeddable":true,"href":"https:\/\/bartekdent.cz\/cs_cz\/wp-json\/wp\/v2\/users\/1"}],"replies":[{"embeddable":true,"href":"https:\/\/bartekdent.cz\/cs_cz\/wp-json\/wp\/v2\/comments?post=2052"}],"version-history":[{"count":42,"href":"https:\/\/bartekdent.cz\/cs_cz\/wp-json\/wp\/v2\/pages\/2052\/revisions"}],"predecessor-version":[{"id":3365,"href":"https:\/\/bartekdent.cz\/cs_cz\/wp-json\/wp\/v2\/pages\/2052\/revisions\/3365"}],"wp:attachment":[{"href":"https:\/\/bartekdent.cz\/cs_cz\/wp-json\/wp\/v2\/media?parent=2052"}],"curies":[{"name":"wp","href":"https:\/\/api.w.org\/{rel}","templated":true}]}}