{"id":1056,"date":"2016-10-08T18:45:42","date_gmt":"2016-10-08T18:45:42","guid":{"rendered":"http:\/\/dentalia.orionthemes.com\/demo-1\/?page_id=1056"},"modified":"2026-01-14T12:16:12","modified_gmt":"2026-01-14T11:16:12","slug":"sluzby","status":"publish","type":"page","link":"https:\/\/bartekdent.cz\/cs_cz\/sluzby\/","title":{"rendered":"Slu\u017eby"},"content":{"rendered":"<div id=\"pl-1056\"  class=\"panel-layout\" ><div id=\"pg-1056-0\"  class=\"panel-grid panel-has-style\" ><div class=\"divider-no-animation tablet-1-in-row mobile-1-in-row desktop-default custom panel-row-style panel-row-style-for-1056-0\" ><div id=\"pgc-1056-0-0\"  class=\"panel-grid-cell\" ><div id=\"panel-1056-0-0-0\" class=\"so-panel widget widget_orion_heading_w panel-first-child\" data-index=\"0\" ><div class=\"orion custom mobile-text-center tablets-text-center default panel-widget-style panel-widget-style-for-1056-0-0-0\" ><div\n\t\t\t\n\t\t\tclass=\"so-widget-orion_heading_w so-widget-orion_heading_w-base\"\n\t\t\t\n\t\t> \r\n\t\t\t<div class=\"row orion-heading\" style=\"margin-bottom:0px;\">\r\n\t\t<div class=\"col-md-12  separator-style-1 text-left style-h6 style-primary-color\">\r\n\t\t\t<h6 class=\"primary-color\">\r\n\t\t\t\tZa\u010dn\u011bte se starat o sv\u00e9 zuby l\u00e9pe\t\t\t<\/h6>\r\n\t\t<\/div>\r\n\t<\/div>\r\n\r\n\t<\/div><\/div><\/div><div id=\"panel-1056-0-0-1\" class=\"so-panel widget widget_orion_heading_w\" data-index=\"1\" ><div class=\"orion custom mobile-text-center tablets-text-center default panel-widget-style panel-widget-style-for-1056-0-0-1\" ><div\n\t\t\t\n\t\t\tclass=\"so-widget-orion_heading_w so-widget-orion_heading_w-base\"\n\t\t\t\n\t\t> \r\n\t\t\t<div class=\"row orion-heading\" style=\"margin-bottom:0px;\">\r\n\t\t<div class=\"col-md-12   text-left style-h2 style-text-dark\">\r\n\t\t\t<h2 class=\"text-dark\">\r\n\t\t\t\tZubn\u00ed p\u00e9\u010de pro d\u011bti i dosp\u011bl\u00e9\t\t\t<\/h2>\r\n\t\t<\/div>\r\n\t<\/div>\r\n\r\n\t<\/div><\/div><\/div><div id=\"panel-1056-0-0-2\" class=\"so-panel widget widget_sow-editor\" data-index=\"2\" ><div class=\"orion custom mobile-text-center tablets-text-center default panel-widget-style panel-widget-style-for-1056-0-0-2\" ><div\n\t\t\t\n\t\t\tclass=\"so-widget-sow-editor so-widget-sow-editor-base\"\n\t\t\t\n\t\t>\n<div class=\"siteorigin-widget-tinymce textwidget\">\n\t<p class=\"Body\"><span style=\"font-family: 'Arial',sans-serif;\">V na\u0161\u00ed rodinn\u00e9 zubn\u00ed ordinaci nab\u00edz\u00edme o\u0161et\u0159en\u00ed v\u0161em v\u011bkov\u00fdm kategori\u00edm. Poskytujeme jak p\u00e9\u010di hrazenou zdravotn\u00edmi poji\u0161\u0165ovnami, tak i p\u00e9\u010di nadstrandardn\u00ed. Spektrum na\u0161ich v\u00fdkon\u016f sah\u00e1 od preventivn\u00edch prohl\u00eddek, \u010di\u0161t\u011bn\u00ed kan\u00e1lk\u016f a\u017e po extrakce zub\u016f moudrosti.<\/span><\/p>\n<\/div>\n<\/div><\/div><\/div><div id=\"panel-1056-0-0-3\" class=\"so-panel widget widget_orion_empty_space_w panel-last-child\" data-index=\"3\" ><div class=\"orion custom default panel-widget-style panel-widget-style-for-1056-0-0-3\" ><div\n\t\t\t\n\t\t\tclass=\"so-widget-orion_empty_space_w so-widget-orion_empty_space_w-base\"\n\t\t\t\n\t\t>\t<div class=\"row empty-space visible-sm visible-xs\" style=\"height:24px;\">\r\n\t<\/div><\/div><\/div><\/div><\/div><div id=\"pgc-1056-0-1\"  class=\"panel-grid-cell\" ><div id=\"panel-1056-0-1-0\" class=\"so-panel widget widget_orion_image_w panel-first-child panel-last-child\" data-index=\"4\" ><div class=\"orion custom mobile-text-center tablets-text-center default panel-widget-style panel-widget-style-for-1056-0-1-0\" ><div\n\t\t\t\n\t\t\tclass=\"so-widget-orion_image_w so-widget-orion_image_w-base\"\n\t\t\t\n\t\t>\r\n<div class=\"image-w relative rounded\">\r\n\r\n\t\t\t\t\t\t\t<div class=\"orion_circle image-wrap rounded overlay-none overlay-hover-none\">\r\n\t\t\r\n\t\t\t\t<div class=\"circle-wrap\">\r\n\t\t\t\t\t<img loading=\"lazy\" decoding=\"async\" width=\"500\" height=\"300\" src=\"https:\/\/bartekdent.cz\/wp-content\/uploads\/2021\/03\/bartekdent-logo-tmave.png\" class=\"attachment-orion_square size-orion_square\" alt=\"\" \/>\t\t\t<div class=\"overlay\"><\/div>\r\n\t\t\t\t<\/div>\r\n\t\t\r\n\t\t\t\t\t<\/div>\r\n\t\t\t\r\n\t\r\n\t<div class=\"absolute\">\r\n\t\t<div class=\"hover-desc table-wrap\">\r\n\t\t\t<div class=\"cell-wrap\">\r\n\t\t\t\t<h4 class=\"text-light\"><\/h4>\r\n\t\t\t<\/div>\r\n\t\t<\/div>\r\n\t<\/div>\t\t\t\t\t\r\n<\/div>\r\n\r\n<\/div><\/div><\/div><\/div><\/div><\/div><div id=\"pg-1056-1\"  class=\"panel-grid panel-has-style\" ><div class=\"siteorigin-panels-stretch divider-no-animation tablet-default mobile-1-in-row desktop-default custom panel-row-style panel-row-style-for-1056-1\" data-stretch-type=\"full\" ><div id=\"pgc-1056-1-0\"  class=\"panel-grid-cell\" ><div id=\"panel-1056-1-0-0\" class=\"so-panel widget widget_orion_icon_text_w panel-first-child panel-last-child\" data-index=\"5\" ><div class=\"orion custom default panel-widget-style panel-widget-style-for-1056-1-0-0\" ><div\n\t\t\t\n\t\t\tclass=\"so-widget-orion_icon_text_w so-widget-orion_icon_text_w-base\"\n\t\t\t\n\t\t>\r\n<div class=\"row icon-box-items-wrap grid icon-top\">\r\n \r\n\t\r\n\t\t\r\n\t\t\r\n\t\t\t\t\r\n\t\t\r\n\t\t<div class=\"icon-box-wrap clearfix col-lg-3 col-sm-6 text-dark\" style=\"margin-bottom:60px;\">\t\t\r\n\r\n\t\t\t\t\t\t\t\t\t\t<div class=\"icon-wrap relative circle\">\r\n\t\t\t\t\t<span class=\"sow-icon-dentalicons\" data-sow-icon=\"&#xe806;\"\n\t\tstyle=\"color: #00bcd4; background-color: #ffffff\" \n\t\taria-hidden=\"true\"><\/span>\t\t\t\t\t\t\t\t\t<\/div>\r\n\t\t\t\r\n\t\t\t<h4 class=\"item-title h6\">Bolest zub\u016f<\/h4>\t\t\t\r\n\r\n\t\t\t\t\t\t<span class=\"description\">Pro akutn\u00ed a bolestiv\u00e9 p\u0159\u00edpady m\u00e1me ka\u017ed\u00fd den vy\u010dlen\u011bnou ordina\u010dn\u00ed dobu. Na z\u00e1klad\u011b podrobn\u00e9ho vy\u0161et\u0159en\u00ed V\u00e1m navrhneme bezbolestn\u00e9 \u0159e\u0161en\u00ed probl\u00e9mu. <\/span>\r\n\t\t\t\r\n\t\t<\/div>\r\n\t\r\n\t\t\r\n\t\t\r\n\t\t\t\t\r\n\t\t\r\n\t\t<div class=\"icon-box-wrap clearfix col-lg-3 col-sm-6 text-dark\" style=\"margin-bottom:60px;\">\t\t\r\n\r\n\t\t\t\t\t\t\t\t\t\t<div class=\"icon-wrap relative circle\">\r\n\t\t\t\t\t<span class=\"sow-icon-dentalicons\" data-sow-icon=\"&#xe814;\"\n\t\tstyle=\"color: #00bcd4; background-color: #ffffff\" \n\t\taria-hidden=\"true\"><\/span>\t\t\t\t\t\t\t\t\t<\/div>\r\n\t\t\t\r\n\t\t\t<h4 class=\"item-title h6\">Zlomen\u00e9 nebo u\u0161t\u00edpl\u00e9 zuby<\/h4>\t\t\t\r\n\r\n\t\t\t\t\t\t<span class=\"description\">Mohou b\u00fdt opraveny bu\u010f p\u0159\u00edmou kompozitn\u00ed dostavbou nebo nep\u0159\u00edmou keramickou prac\u00ed. <\/span>\r\n\t\t\t\r\n\t\t<\/div>\r\n\t\r\n\t\t\r\n\t\t\r\n\t\t\t\t\r\n\t\t\r\n\t\t<div class=\"icon-box-wrap clearfix col-lg-3 col-sm-6 text-dark\" style=\"margin-bottom:60px;\">\t\t\r\n\r\n\t\t\t\t\t\t\t\t\t\t<div class=\"icon-wrap relative circle\">\r\n\t\t\t\t\t<span class=\"sow-icon-dentalicons\" data-sow-icon=\"&#xe817;\"\n\t\tstyle=\"color: #00bcd4; background-color: #ffffff\" \n\t\taria-hidden=\"true\"><\/span>\t\t\t\t\t\t\t\t\t<\/div>\r\n\t\t\t\r\n\t\t\t<h4 class=\"item-title h6\">Kazy<\/h4>\t\t\t\r\n\r\n\t\t\t\t\t\t<span class=\"description\">Pou\u017e\u00edv\u00e1me modern\u00ed postupy k detekci i t\u011bch nejmen\u0161\u00edch kaz\u016f, d\u00edky \u010demu p\u0159edch\u00e1z\u00edme bolestiv\u00fdm komplikac\u00edm a \u0161et\u0159\u00edme Va\u0161e zubn\u00ed tk\u00e1n\u011b. <\/span>\r\n\t\t\t\r\n\t\t<\/div>\r\n\t\r\n\t\t\r\n\t\t\r\n\t\t\t\t\r\n\t\t\r\n\t\t<div class=\"icon-box-wrap clearfix col-lg-3 col-sm-6 text-dark\" style=\"margin-bottom:60px;\">\t\t\r\n\r\n\t\t\t\t\t\t\t\t\t\t<div class=\"icon-wrap relative circle\">\r\n\t\t\t\t\t<span class=\"sow-icon-dentalicons\" data-sow-icon=\"&#xe815;\"\n\t\tstyle=\"color: #00bcd4; background-color: #ffffff\" \n\t\taria-hidden=\"true\"><\/span>\t\t\t\t\t\t\t\t\t<\/div>\r\n\t\t\t\r\n\t\t\t<h4 class=\"item-title h6\">Pigmentace zub\u016f<\/h4>\t\t\t\r\n\r\n\t\t\t\t\t\t<span class=\"description\">Nab\u00edz\u00edme odstran\u011bn\u00ed tmav\u00fdch zubn\u00edch pigment\u016f p\u00edskov\u00e1n\u00edm nebo b\u011blen\u00edm. <\/span>\r\n\t\t\t\r\n\t\t<\/div>\r\n\t\r\n<\/div><\/div><\/div><\/div><\/div><\/div><\/div><div id=\"pg-1056-2\"  class=\"panel-grid panel-has-style\" ><div class=\"divider-no-animation tablet-1-in-row mobile-1-in-row desktop-default custom panel-row-style panel-row-style-for-1056-2\" ><div id=\"pgc-1056-2-0\"  class=\"panel-grid-cell\" ><div id=\"panel-1056-2-0-0\" class=\"so-panel widget widget_sow-editor panel-first-child panel-last-child\" data-index=\"6\" ><div class=\"orion custom default panel-widget-style panel-widget-style-for-1056-2-0-0\" ><div\n\t\t\t\n\t\t\tclass=\"so-widget-sow-editor so-widget-sow-editor-base\"\n\t\t\t\n\t\t><h3 class=\"widget-title\">Platebn\u00ed mo\u017enosti<\/h3>\n<div class=\"siteorigin-widget-tinymce textwidget\">\n\t<p>V na\u0161\u00ed ordinaci je mo\u017eno platit hotov\u011b nebo kartou. <\/p>\n<\/div>\n<\/div><\/div><\/div><\/div><div id=\"pgc-1056-2-1\"  class=\"panel-grid-cell\" ><div id=\"panel-1056-2-1-0\" class=\"so-panel widget widget_sow-editor panel-first-child panel-last-child\" data-index=\"7\" ><div class=\"orion custom default panel-widget-style panel-widget-style-for-1056-2-1-0\" ><div\n\t\t\t\n\t\t\tclass=\"so-widget-sow-editor so-widget-sow-editor-base\"\n\t\t\t\n\t\t><h3 class=\"widget-title\">P\u00e9\u010de hrazen\u00e1 poji\u0161\u0165ovnou<\/h3>\n<div class=\"siteorigin-widget-tinymce textwidget\">\n\t<p>M\u00e1me uzav\u0159en\u00e9 smlouvy se zdravotn\u00edmi poji\u0161\u0165ovnami VZP, ZPMV, VoZP, OZP, \u010cPZP, RBP. <\/p>\n<\/div>\n<\/div><\/div><\/div><\/div><\/div><\/div><div id=\"pg-1056-3\"  class=\"panel-grid panel-has-style\" ><div class=\"divider-no-animation tablet-1-in-row mobile-1-in-row desktop-default custom panel-row-style panel-row-style-for-1056-3\" ><div id=\"pgc-1056-3-0\"  class=\"panel-grid-cell\" ><div id=\"panel-1056-3-0-0\" class=\"so-panel widget widget_sow-editor panel-first-child panel-last-child\" data-index=\"8\" ><div class=\"orion custom default panel-widget-style panel-widget-style-for-1056-3-0-0\" ><div\n\t\t\t\n\t\t\tclass=\"so-widget-sow-editor so-widget-sow-editor-base\"\n\t\t\t\n\t\t><h3 class=\"widget-title\">Orienta\u010dn\u00ed cen\u00edk doplatkov\u00fdch nebo ZP nehrazen\u00fdch v\u00fdkon\u016f<\/h3>\n<div class=\"siteorigin-widget-tinymce textwidget\">\n\t<ul> Vstupn\u00ed Dent\u00e1ln\u00ed hygiena - 1905,- <\/ul>\n<ul> Opakovan\u00e1 Dent\u00e1ln\u00ed hygiena - 1267,- -<\/ul>\n<ul> V\u011bt\u0161\u00ed jednoplo\u0161kov\u00e1 fotokompozitn\u00ed (b\u00edl\u00e1) v\u00fdpl\u0148 - 704,- <\/ul>\n<ul> V\u011bt\u0161\u00ed dvojplo\u0161kov\u00e1 fotokompozitn\u00ed (b\u00edl\u00e1) v\u00fdpl\u0148 - 1887,- <\/ul>\n<ul> CAD\/CAM skenovan\u00e1 Celokeramick\u00e1 (b\u00edl\u00e1) korunka - 8.677,- <\/ul>\n<ul> O\u0161et\u0159en\u00ed ko\u0159enov\u00fdch kan\u00e1lk\u016f mol\u00e1ru (stoli\u010dky)  - 7851,- <\/ul>\n<ul> Dom\u00e1c\u00ed b\u011blen\u00ed zub\u016f 4274,- <\/ul>\n<ul> N\u00e1hrada zubu implant\u00e1tem Osstem od 25.000,- <\/ul>\n<\/div>\n<\/div><\/div><\/div><\/div><div id=\"pgc-1056-3-1\"  class=\"panel-grid-cell\" ><div id=\"panel-1056-3-1-0\" class=\"so-panel widget widget_sow-editor panel-first-child panel-last-child\" data-index=\"9\" ><div class=\"orion custom default panel-widget-style panel-widget-style-for-1056-3-1-0\" ><div\n\t\t\t\n\t\t\tclass=\"so-widget-sow-editor so-widget-sow-editor-base\"\n\t\t\t\n\t\t><h3 class=\"widget-title\">V\u00fdkony hrazen\u00e9 zdravotn\u00ed poji\u0161\u0165ovnou<\/h3>\n<div class=\"siteorigin-widget-tinymce textwidget\">\n\t<ul>Preventivn\u00ed prohl\u00eddky d\u011bt\u00ed i dosp\u011bl\u00fdch<\/ul>\n<ul>Rentgenov\u00e9 sn\u00edmky<\/ul>\n<ul>Injek\u010dn\u00ed anestezie<\/ul>\n<ul>V\u0161echny typy v\u00fdpln\u00ed a o\u0161et\u0159en\u00ed ko\u0159enov\u00fdch kan\u00e1lk\u016f u d\u011bt\u00ed do 18 let<\/ul>\n<ul>Extrakce zub\u016f<\/ul>\n<ul>Mal\u00e9 b\u00edl\u00e9 v\u00fdpln\u011b u dosp\u011bl\u00fdch, kter\u00e9 nep\u0159esahuj\u00ed 1 vrstvu materi\u00e1lu<\/ul>\n<\/div>\n<\/div><\/div><\/div><\/div><\/div><\/div><div id=\"pg-1056-4\"  class=\"panel-grid panel-has-style\" ><div class=\"siteorigin-panels-stretch divider-no-animation tablet-1-in-row mobile-1-in-row desktop-default text-light overlay-c1-c2 custom panel-row-style panel-row-style-for-1056-4\" data-stretch-type=\"full\" ><div id=\"pgc-1056-4-0\"  class=\"panel-grid-cell panel-grid-cell-empty panel-grid-cell-mobile-last\" ><\/div><div id=\"pgc-1056-4-1\"  class=\"panel-grid-cell panel-grid-cell-empty\" ><div class=\"panel-cell-style panel-cell-style-for-1056-4-1\" ><\/div><\/div><\/div><\/div><\/div>","protected":false},"excerpt":{"rendered":"<p>Family dentistry is for patients of all ages offering complete, comprehensive dental care.<\/p>\n","protected":false},"author":1,"featured_media":0,"parent":0,"menu_order":0,"comment_status":"closed","ping_status":"closed","template":"","meta":{"footnotes":""},"class_list":["post-1056","page","type-page","status-publish","hentry"],"_links":{"self":[{"href":"https:\/\/bartekdent.cz\/cs_cz\/wp-json\/wp\/v2\/pages\/1056","targetHints":{"allow":["GET"]}}],"collection":[{"href":"https:\/\/bartekdent.cz\/cs_cz\/wp-json\/wp\/v2\/pages"}],"about":[{"href":"https:\/\/bartekdent.cz\/cs_cz\/wp-json\/wp\/v2\/types\/page"}],"author":[{"embeddable":true,"href":"https:\/\/bartekdent.cz\/cs_cz\/wp-json\/wp\/v2\/users\/1"}],"replies":[{"embeddable":true,"href":"https:\/\/bartekdent.cz\/cs_cz\/wp-json\/wp\/v2\/comments?post=1056"}],"version-history":[{"count":40,"href":"https:\/\/bartekdent.cz\/cs_cz\/wp-json\/wp\/v2\/pages\/1056\/revisions"}],"predecessor-version":[{"id":3369,"href":"https:\/\/bartekdent.cz\/cs_cz\/wp-json\/wp\/v2\/pages\/1056\/revisions\/3369"}],"wp:attachment":[{"href":"https:\/\/bartekdent.cz\/cs_cz\/wp-json\/wp\/v2\/media?parent=1056"}],"curies":[{"name":"wp","href":"https:\/\/api.w.org\/{rel}","templated":true}]}}