{"id":1000,"date":"2016-10-08T08:24:10","date_gmt":"2016-10-08T08:24:10","guid":{"rendered":"http:\/\/dentalia.orionthemes.com\/demo-1\/?page_id=1000"},"modified":"2025-10-05T15:55:05","modified_gmt":"2025-10-05T13:55:05","slug":"home","status":"publish","type":"page","link":"https:\/\/bartekdent.cz\/cs_cz\/","title":{"rendered":"Home"},"content":{"rendered":"<div id=\"pl-1000\"  class=\"panel-layout\" ><div id=\"pg-1000-0\"  class=\"panel-grid panel-has-style\" ><div class=\"siteorigin-panels-stretch orion-separator bottom-svg-1 bottom-svg-inside divider-notresponsive tablet-1-in-row mobile-1-in-row desktop-default text-dark overlay-c2 custom panel-row-style panel-row-style-for-1000-0\" data-stretch-type=\"full-width-stretch\" data-svg-bottom-color=\"#f8f8f8\" ><div id=\"pgc-1000-0-0\"  class=\"panel-grid-cell\" ><div id=\"panel-1000-0-0-0\" class=\"so-panel widget widget_orion_empty_space_w panel-first-child\" data-index=\"0\" ><div class=\"orion custom default panel-widget-style panel-widget-style-for-1000-0-0-0\" ><div\n\t\t\t\n\t\t\tclass=\"so-widget-orion_empty_space_w so-widget-orion_empty_space_w-base\"\n\t\t\t\n\t\t>\t<div class=\"row empty-space visible-lg visible-md visible-sm visible-xs\" style=\"height:24px;\">\r\n\t<\/div><\/div><\/div><\/div><div id=\"panel-1000-0-0-1\" class=\"so-panel widget widget_orion_heading_w\" data-index=\"1\" ><div class=\"orion custom default panel-widget-style panel-widget-style-for-1000-0-0-1\" ><div\n\t\t\t\n\t\t\tclass=\"so-widget-orion_heading_w so-widget-orion_heading_w-base\"\n\t\t\t\n\t\t> \r\n\t\t\t<div class=\"row orion-heading\" style=\"margin-bottom:3px;\">\r\n\t\t<div class=\"col-md-12  separator-style-1 text-center style-display-3 style-text-light\">\r\n\t\t\t<h4 class=\"text-light text-uppercase text-bold display-3\">\r\n\t\t\t\tP\u0159ij\u00edm\u00e1me nov\u00e9 pacienty\t\t\t<\/h4>\r\n\t\t<\/div>\r\n\t<\/div>\r\n\r\n\t<\/div><\/div><\/div><div id=\"panel-1000-0-0-2\" class=\"so-panel widget widget_orion_heading_w\" data-index=\"2\" ><div class=\"orion custom default panel-widget-style panel-widget-style-for-1000-0-0-2\" ><div\n\t\t\t\n\t\t\tclass=\"so-widget-orion_heading_w so-widget-orion_heading_w-base\"\n\t\t\t\n\t\t> \r\n\t\t\t<div class=\"row orion-heading\" style=\"margin-bottom:3px;\">\r\n\t\t<div class=\"col-md-12   text-center style-h6 style-text-light\">\r\n\t\t\t<h6 class=\"text-light\">\r\n\t\t\t\tObjednejte se k n\u00e1m pohodln\u011b online a bez \u010dek\u00e1n\u00ed\t\t\t<\/h6>\r\n\t\t<\/div>\r\n\t<\/div>\r\n\r\n\t<\/div><\/div><\/div><div id=\"panel-1000-0-0-3\" class=\"so-panel widget widget_orion_empty_space_w\" data-index=\"3\" ><div class=\"orion custom default panel-widget-style panel-widget-style-for-1000-0-0-3\" ><div\n\t\t\t\n\t\t\tclass=\"so-widget-orion_empty_space_w so-widget-orion_empty_space_w-base\"\n\t\t\t\n\t\t>\t<div class=\"row empty-space visible-lg visible-md visible-sm visible-xs\" style=\"height:24px;\">\r\n\t<\/div><\/div><\/div><\/div><div id=\"panel-1000-0-0-4\" class=\"so-panel widget widget_orion_dividers_w panel-last-child\" data-index=\"4\" ><div class=\"orion custom default panel-widget-style panel-widget-style-for-1000-0-0-4\" ><div\n\t\t\t\n\t\t\tclass=\"so-widget-orion_dividers_w so-widget-orion_dividers_w-base\"\n\t\t\t\n\t\t>\t<hr style=\"border-top-width:2px; border-top-color:rgba(242,242,242,1); border-style: solid; width: 100%;  margin-top: 0;\"><\/div><\/div><\/div><\/div><\/div><\/div><div id=\"pg-1000-1\"  class=\"panel-grid panel-has-style\" ><div class=\"siteorigin-panels-stretch divider-no-animation tablet-default mobile-1-in-row desktop-default custom panel-row-style panel-row-style-for-1000-1\" data-stretch-type=\"full\" ><div id=\"pgc-1000-1-0\"  class=\"panel-grid-cell\" ><div id=\"panel-1000-1-0-0\" class=\"so-panel widget widget_orion_icon_text_w panel-first-child panel-last-child\" data-index=\"5\" ><div class=\"orion custom default panel-widget-style panel-widget-style-for-1000-1-0-0\" ><div\n\t\t\t\n\t\t\tclass=\"so-widget-orion_icon_text_w so-widget-orion_icon_text_w-base\"\n\t\t\t\n\t\t>\r\n<div class=\"row icon-box-items-wrap grid icon-top\">\r\n \r\n\t\r\n\t\t\r\n\t\t\r\n\t\t\t\t\r\n\t\t\r\n\t\t<div class=\"icon-box-wrap clearfix col-lg-3 col-sm-6 no_desc vertical-center\" style=\"margin-bottom:60px;\">\t\t\r\n\r\n\t\t\t\t\t\t\t\t\t\t<div class=\"icon-wrap relative circle\">\r\n\t\t\t\t\t<span class=\"sow-icon-dentalicons2\" data-sow-icon=\"&#xe91f;\"\n\t\tstyle=\"color: #00bcd4; background-color: #ffffff\" \n\t\taria-hidden=\"true\"><\/span>\t\t\t\t\t\t\t\t\t<\/div>\r\n\t\t\t\r\n\t\t\t<h4 class=\"item-title h6\">Kvalitn\u00ed p\u00e9\u010de<\/h4>\t\t\t\r\n\r\n\t\t\t\r\n\t\t<\/div>\r\n\t\r\n\t\t\r\n\t\t\r\n\t\t\t\t\r\n\t\t\r\n\t\t<div class=\"icon-box-wrap clearfix col-lg-3 col-sm-6 no_desc vertical-center\" style=\"margin-bottom:60px;\">\t\t\r\n\r\n\t\t\t\t\t\t\t\t\t\t<div class=\"icon-wrap relative circle\">\r\n\t\t\t\t\t<span class=\"sow-icon-dentalicons2\" data-sow-icon=\"&#xe917;\"\n\t\tstyle=\"color: #00bcd4; background-color: #ffffff\" \n\t\taria-hidden=\"true\"><\/span>\t\t\t\t\t\t\t\t\t<\/div>\r\n\t\t\t\r\n\t\t\t<h4 class=\"item-title h6\">Modern\u00ed vybaven\u00ed<\/h4>\t\t\t\r\n\r\n\t\t\t\r\n\t\t<\/div>\r\n\t\r\n\t\t\r\n\t\t\r\n\t\t\t\t\r\n\t\t\r\n\t\t<div class=\"icon-box-wrap clearfix col-lg-3 col-sm-6 no_desc vertical-center\" style=\"margin-bottom:60px;\">\t\t\r\n\r\n\t\t\t\t\t\t\t\t\t\t<div class=\"icon-wrap relative circle\">\r\n\t\t\t\t\t<span class=\"sow-icon-dentalicons2\" data-sow-icon=\"&#xe919;\"\n\t\tstyle=\"color: #00bcd4; background-color: #ffffff\" \n\t\taria-hidden=\"true\"><\/span>\t\t\t\t\t\t\t\t\t<\/div>\r\n\t\t\t\r\n\t\t\t<h4 class=\"item-title h6\">Pohodln\u00e9 prost\u0159ed\u00ed<\/h4>\t\t\t\r\n\r\n\t\t\t\r\n\t\t<\/div>\r\n\t\r\n\t\t\r\n\t\t\r\n\t\t\t\t\r\n\t\t\r\n\t\t<div class=\"icon-box-wrap clearfix col-lg-3 col-sm-6 no_desc vertical-center\" style=\"margin-bottom:60px;\">\t\t\r\n\r\n\t\t\t\t\t\t\t\t\t\t<div class=\"icon-wrap relative circle\">\r\n\t\t\t\t\t<span class=\"sow-icon-dentalicons2\" data-sow-icon=\"&#xe914;\"\n\t\tstyle=\"color: #00bcd4; background-color: #ffffff\" \n\t\taria-hidden=\"true\"><\/span>\t\t\t\t\t\t\t\t\t<\/div>\r\n\t\t\t\r\n\t\t\t<h4 class=\"item-title h6\">P\u0159\u00e1telsk\u00fd person\u00e1l<\/h4>\t\t\t\r\n\r\n\t\t\t\r\n\t\t<\/div>\r\n\t\r\n<\/div><\/div><\/div><\/div><\/div><\/div><\/div><div id=\"pg-1000-2\"  class=\"panel-grid panel-has-style\" ><div class=\"siteorigin-panels-stretch divider-no-animation tablet-1-in-row mobile-1-in-row desktop-default text-light overlay-c2 custom panel-row-style panel-row-style-for-1000-2\" data-stretch-type=\"full\" ><div id=\"pgc-1000-2-0\"  class=\"panel-grid-cell\" ><div id=\"panel-1000-2-0-0\" class=\"so-panel widget widget_sow-editor panel-first-child panel-last-child\" data-index=\"6\" ><div class=\"orion custom mobile-text-center tablets-text-center default panel-widget-style panel-widget-style-for-1000-2-0-0\" ><div\n\t\t\t\n\t\t\tclass=\"so-widget-sow-editor so-widget-sow-editor-base\"\n\t\t\t\n\t\t>\n<div class=\"siteorigin-widget-tinymce textwidget\">\n\t<p><a href=\"https:\/\/bartekdent.xdent.cz\" title=\"Book appointment online\" target=\"_blank\" rel=\"noopener\"><\/p>\n<p class=\"Body\"><span style=\"font-family: 'Arial',sans-serif; font-size: 140%;\">OBJEDNEJTE SE ONLINE KLIKNUT\u00cdM ZDE<\/span><\/p>\n<p><\/a><\/p>\n<\/div>\n<\/div><\/div><\/div><\/div><div id=\"pgc-1000-2-1\"  class=\"panel-grid-cell\" ><div class=\"panel-cell-style panel-cell-style-for-1000-2-1\" ><div id=\"panel-1000-2-1-0\" class=\"widget_text so-panel widget widget_custom_html panel-first-child panel-last-child\" data-index=\"7\" ><div class=\"widget_text orion custom default panel-widget-style panel-widget-style-for-1000-2-1-0\" ><div class=\"textwidget custom-html-widget\"><script type=\"text\/javascript\" src=\"https:\/\/www.xdent.cz\/js\/booking.js\"><\/script>\n<script type=\"text\/javascript\">CreateBookNowButton('bartekdent','Large');<\/script>\n<div id=\"xdentBookNowButton\" class=\"rounded\">\n\n<\/div>\n\n\n<\/div><\/div><\/div><\/div><\/div><\/div><\/div><\/div>","protected":false},"excerpt":{"rendered":"<p>P\u0159ij\u00edm\u00e1me nov\u00e9 pacienty Objednejte se k n\u00e1m pohodln\u011b online a bez \u010dek\u00e1n\u00ed Kvalitn\u00ed p\u00e9\u010de Modern\u00ed vybaven\u00ed Pohodln\u00e9 prost\u0159ed\u00ed P\u0159\u00e1telsk\u00fd person\u00e1l OBJEDNEJTE SE ONLINE KLIKNUT\u00cdM ZDE<\/p>\n","protected":false},"author":1,"featured_media":0,"parent":0,"menu_order":0,"comment_status":"closed","ping_status":"closed","template":"","meta":{"footnotes":""},"class_list":["post-1000","page","type-page","status-publish","hentry"],"_links":{"self":[{"href":"https:\/\/bartekdent.cz\/cs_cz\/wp-json\/wp\/v2\/pages\/1000","targetHints":{"allow":["GET"]}}],"collection":[{"href":"https:\/\/bartekdent.cz\/cs_cz\/wp-json\/wp\/v2\/pages"}],"about":[{"href":"https:\/\/bartekdent.cz\/cs_cz\/wp-json\/wp\/v2\/types\/page"}],"author":[{"embeddable":true,"href":"https:\/\/bartekdent.cz\/cs_cz\/wp-json\/wp\/v2\/users\/1"}],"replies":[{"embeddable":true,"href":"https:\/\/bartekdent.cz\/cs_cz\/wp-json\/wp\/v2\/comments?post=1000"}],"version-history":[{"count":39,"href":"https:\/\/bartekdent.cz\/cs_cz\/wp-json\/wp\/v2\/pages\/1000\/revisions"}],"predecessor-version":[{"id":3357,"href":"https:\/\/bartekdent.cz\/cs_cz\/wp-json\/wp\/v2\/pages\/1000\/revisions\/3357"}],"wp:attachment":[{"href":"https:\/\/bartekdent.cz\/cs_cz\/wp-json\/wp\/v2\/media?parent=1000"}],"curies":[{"name":"wp","href":"https:\/\/api.w.org\/{rel}","templated":true}]}}